{"id":936,"date":"2021-06-29T11:53:45","date_gmt":"2021-06-29T09:53:45","guid":{"rendered":"https:\/\/www.hotel-barnetche.fr\/lalbergo\/"},"modified":"2024-07-04T11:58:37","modified_gmt":"2024-07-04T09:58:37","slug":"lalbergo","status":"publish","type":"page","link":"https:\/\/www.hotel-barnetche.fr\/it\/lalbergo\/","title":{"rendered":"L&#8217;albergo"},"content":{"rendered":"\t\t<div data-elementor-type=\"wp-page\" data-elementor-id=\"936\" class=\"elementor elementor-936 elementor-10\">\n\t\t\t\t\t\t\t\t\t<section class=\"elementor-section elementor-top-section elementor-element elementor-element-c527113 elementor-section-boxed elementor-section-height-default elementor-section-height-default\" data-id=\"c527113\" data-element_type=\"section\" data-settings=\"{&quot;jet_parallax_layout_list&quot;:[{&quot;jet_parallax_layout_image&quot;:{&quot;url&quot;:&quot;&quot;,&quot;id&quot;:&quot;&quot;,&quot;size&quot;:&quot;&quot;},&quot;_id&quot;:&quot;9baf147&quot;,&quot;jet_parallax_layout_image_tablet&quot;:{&quot;url&quot;:&quot;&quot;,&quot;id&quot;:&quot;&quot;,&quot;size&quot;:&quot;&quot;},&quot;jet_parallax_layout_image_mobile&quot;:{&quot;url&quot;:&quot;&quot;,&quot;id&quot;:&quot;&quot;,&quot;size&quot;:&quot;&quot;},&quot;jet_parallax_layout_speed&quot;:{&quot;unit&quot;:&quot;%&quot;,&quot;size&quot;:50,&quot;sizes&quot;:[]},&quot;jet_parallax_layout_type&quot;:&quot;scroll&quot;,&quot;jet_parallax_layout_direction&quot;:null,&quot;jet_parallax_layout_fx_direction&quot;:null,&quot;jet_parallax_layout_z_index&quot;:&quot;&quot;,&quot;jet_parallax_layout_bg_x&quot;:50,&quot;jet_parallax_layout_bg_x_tablet&quot;:&quot;&quot;,&quot;jet_parallax_layout_bg_x_mobile&quot;:&quot;&quot;,&quot;jet_parallax_layout_bg_y&quot;:50,&quot;jet_parallax_layout_bg_y_tablet&quot;:&quot;&quot;,&quot;jet_parallax_layout_bg_y_mobile&quot;:&quot;&quot;,&quot;jet_parallax_layout_bg_size&quot;:&quot;auto&quot;,&quot;jet_parallax_layout_bg_size_tablet&quot;:&quot;&quot;,&quot;jet_parallax_layout_bg_size_mobile&quot;:&quot;&quot;,&quot;jet_parallax_layout_animation_prop&quot;:&quot;transform&quot;,&quot;jet_parallax_layout_on&quot;:[&quot;desktop&quot;,&quot;tablet&quot;]}]}\">\n\t\t\t\t\t\t<div class=\"elementor-container elementor-column-gap-default\">\n\t\t\t\t\t<div class=\"elementor-column elementor-col-50 elementor-top-column elementor-element elementor-element-1d0ec82\" data-id=\"1d0ec82\" data-element_type=\"column\">\n\t\t\t<div class=\"elementor-widget-wrap elementor-element-populated\">\n\t\t\t\t\t\t\t\t<div class=\"elementor-element elementor-element-50c5250 elementor-widget elementor-widget-image\" data-id=\"50c5250\" data-element_type=\"widget\" data-widget_type=\"image.default\">\n\t\t\t\t<div class=\"elementor-widget-container\">\n\t\t\t\t\t\t\t\t\t\t\t\t\t\t\t<img width=\"800\" height=\"800\" src=\"https:\/\/www.hotel-barnetche.fr\/wp-content\/uploads\/2021\/06\/hotel-barnetche-entree-details.png\" class=\"attachment-large size-large wp-image-802\" alt=\"H\u00f4tel Barnetche - Ingresso e dettagli del mosaico\" loading=\"lazy\" srcset=\"https:\/\/www.hotel-barnetche.fr\/wp-content\/uploads\/2021\/06\/hotel-barnetche-entree-details.png 800w, https:\/\/www.hotel-barnetche.fr\/wp-content\/uploads\/2021\/06\/hotel-barnetche-entree-details-300x300.png 300w, https:\/\/www.hotel-barnetche.fr\/wp-content\/uploads\/2021\/06\/hotel-barnetche-entree-details-150x150.png 150w, https:\/\/www.hotel-barnetche.fr\/wp-content\/uploads\/2021\/06\/hotel-barnetche-entree-details-768x768.png 768w\" sizes=\"(max-width: 800px) 100vw, 800px\" \/>\t\t\t\t\t\t\t\t\t\t\t\t\t\t\t<\/div>\n\t\t\t\t<\/div>\n\t\t\t\t\t<\/div>\n\t\t<\/div>\n\t\t\t\t<div class=\"elementor-column elementor-col-50 elementor-top-column elementor-element elementor-element-7c4a34e\" data-id=\"7c4a34e\" data-element_type=\"column\">\n\t\t\t<div class=\"elementor-widget-wrap elementor-element-populated\">\n\t\t\t\t\t\t\t\t<div class=\"elementor-element elementor-element-e4f6bdf elementor-widget elementor-widget-heading\" data-id=\"e4f6bdf\" data-element_type=\"widget\" data-widget_type=\"heading.default\">\n\t\t\t\t<div class=\"elementor-widget-container\">\n\t\t\t<h2 class=\"elementor-heading-title elementor-size-default\">Hotel Barnetche <sup>***<\/sup><br\/>Calma e Semplicit\u00e0<br\/>nel cuore di Biarritz<\/h2>\t\t<\/div>\n\t\t\t\t<\/div>\n\t\t\t\t<div class=\"elementor-element elementor-element-666c2cf elementor-widget elementor-widget-text-editor\" data-id=\"666c2cf\" data-element_type=\"widget\" data-widget_type=\"text-editor.default\">\n\t\t\t\t<div class=\"elementor-widget-container\">\n\t\t\t\t\t\t\t<p> Una storia di famiglia da pi\u00f9 di tre generazioni, situata nel centro della citt\u00e0, tranquilla tra il Palais des Festivals e il giardino della biblioteca multimediale.<\/p>\n<p> A 5 \u200b\u200bminuti a piedi da Place Clemenceau, Halles e dal Grande Plage, l&#8217;hotel Barnetche ti offre un&#8217;accoglienza calorosa e familiare in un ambiente di carattere.<\/p>\n<p> Se hai bisogno di consigli, non esitare e chiedi a H\u00e9l\u00e8na che ti guider\u00e0 durante il tuo soggiorno. <\/p>\n\t\t\t\t\t\t<\/div>\n\t\t\t\t<\/div>\n\t\t\t\t\t<\/div>\n\t\t<\/div>\n\t\t\t\t\t\t\t<\/div>\n\t\t<\/section>\n\t\t\t\t<section class=\"elementor-section elementor-top-section elementor-element elementor-element-f36dc88 elementor-section-boxed elementor-section-height-default elementor-section-height-default\" data-id=\"f36dc88\" data-element_type=\"section\" data-settings=\"{&quot;jet_parallax_layout_list&quot;:[{&quot;jet_parallax_layout_image&quot;:{&quot;url&quot;:&quot;&quot;,&quot;id&quot;:&quot;&quot;,&quot;size&quot;:&quot;&quot;},&quot;_id&quot;:&quot;651458e&quot;,&quot;jet_parallax_layout_image_tablet&quot;:{&quot;url&quot;:&quot;&quot;,&quot;id&quot;:&quot;&quot;,&quot;size&quot;:&quot;&quot;},&quot;jet_parallax_layout_image_mobile&quot;:{&quot;url&quot;:&quot;&quot;,&quot;id&quot;:&quot;&quot;,&quot;size&quot;:&quot;&quot;},&quot;jet_parallax_layout_speed&quot;:{&quot;unit&quot;:&quot;%&quot;,&quot;size&quot;:50,&quot;sizes&quot;:[]},&quot;jet_parallax_layout_type&quot;:&quot;scroll&quot;,&quot;jet_parallax_layout_direction&quot;:null,&quot;jet_parallax_layout_fx_direction&quot;:null,&quot;jet_parallax_layout_z_index&quot;:&quot;&quot;,&quot;jet_parallax_layout_bg_x&quot;:50,&quot;jet_parallax_layout_bg_x_tablet&quot;:&quot;&quot;,&quot;jet_parallax_layout_bg_x_mobile&quot;:&quot;&quot;,&quot;jet_parallax_layout_bg_y&quot;:50,&quot;jet_parallax_layout_bg_y_tablet&quot;:&quot;&quot;,&quot;jet_parallax_layout_bg_y_mobile&quot;:&quot;&quot;,&quot;jet_parallax_layout_bg_size&quot;:&quot;auto&quot;,&quot;jet_parallax_layout_bg_size_tablet&quot;:&quot;&quot;,&quot;jet_parallax_layout_bg_size_mobile&quot;:&quot;&quot;,&quot;jet_parallax_layout_animation_prop&quot;:&quot;transform&quot;,&quot;jet_parallax_layout_on&quot;:[&quot;desktop&quot;,&quot;tablet&quot;]}]}\">\n\t\t\t\t\t\t<div class=\"elementor-container elementor-column-gap-default\">\n\t\t\t\t\t<div class=\"elementor-column elementor-col-100 elementor-top-column elementor-element elementor-element-14c2555\" data-id=\"14c2555\" data-element_type=\"column\">\n\t\t\t<div class=\"elementor-widget-wrap elementor-element-populated\">\n\t\t\t\t\t\t\t\t<div class=\"elementor-element elementor-element-c19ab4f elementor-widget elementor-widget-heading\" data-id=\"c19ab4f\" data-element_type=\"widget\" data-widget_type=\"heading.default\">\n\t\t\t\t<div class=\"elementor-widget-container\">\n\t\t\t<h2 class=\"elementor-heading-title elementor-size-default\">Le Camere<\/h2>\t\t<\/div>\n\t\t\t\t<\/div>\n\t\t\t\t\t<\/div>\n\t\t<\/div>\n\t\t\t\t\t\t\t<\/div>\n\t\t<\/section>\n\t\t\t\t<section class=\"elementor-section elementor-top-section elementor-element elementor-element-5c6e556 elementor-section-boxed elementor-section-height-default elementor-section-height-default\" data-id=\"5c6e556\" data-element_type=\"section\" data-settings=\"{&quot;jet_parallax_layout_list&quot;:[{&quot;jet_parallax_layout_image&quot;:{&quot;url&quot;:&quot;&quot;,&quot;id&quot;:&quot;&quot;,&quot;size&quot;:&quot;&quot;},&quot;_id&quot;:&quot;940357c&quot;,&quot;jet_parallax_layout_image_tablet&quot;:{&quot;url&quot;:&quot;&quot;,&quot;id&quot;:&quot;&quot;,&quot;size&quot;:&quot;&quot;},&quot;jet_parallax_layout_image_mobile&quot;:{&quot;url&quot;:&quot;&quot;,&quot;id&quot;:&quot;&quot;,&quot;size&quot;:&quot;&quot;},&quot;jet_parallax_layout_speed&quot;:{&quot;unit&quot;:&quot;%&quot;,&quot;size&quot;:50,&quot;sizes&quot;:[]},&quot;jet_parallax_layout_type&quot;:&quot;scroll&quot;,&quot;jet_parallax_layout_direction&quot;:null,&quot;jet_parallax_layout_fx_direction&quot;:null,&quot;jet_parallax_layout_z_index&quot;:&quot;&quot;,&quot;jet_parallax_layout_bg_x&quot;:50,&quot;jet_parallax_layout_bg_x_tablet&quot;:&quot;&quot;,&quot;jet_parallax_layout_bg_x_mobile&quot;:&quot;&quot;,&quot;jet_parallax_layout_bg_y&quot;:50,&quot;jet_parallax_layout_bg_y_tablet&quot;:&quot;&quot;,&quot;jet_parallax_layout_bg_y_mobile&quot;:&quot;&quot;,&quot;jet_parallax_layout_bg_size&quot;:&quot;auto&quot;,&quot;jet_parallax_layout_bg_size_tablet&quot;:&quot;&quot;,&quot;jet_parallax_layout_bg_size_mobile&quot;:&quot;&quot;,&quot;jet_parallax_layout_animation_prop&quot;:&quot;transform&quot;,&quot;jet_parallax_layout_on&quot;:[&quot;desktop&quot;,&quot;tablet&quot;]}]}\">\n\t\t\t\t\t\t<div class=\"elementor-container elementor-column-gap-default\">\n\t\t\t\t\t<div class=\"elementor-column elementor-col-100 elementor-top-column elementor-element elementor-element-ee88d05\" data-id=\"ee88d05\" data-element_type=\"column\">\n\t\t\t<div class=\"elementor-widget-wrap elementor-element-populated\">\n\t\t\t\t\t\t\t\t<div class=\"elementor-element elementor-element-0d9380e elementor-widget elementor-widget-jet-carousel\" data-id=\"0d9380e\" data-element_type=\"widget\" data-settings=\"{&quot;slides_to_show&quot;:&quot;3&quot;,&quot;slides_to_scroll&quot;:&quot;1&quot;}\" data-widget_type=\"jet-carousel.default\">\n\t\t\t\t<div class=\"elementor-widget-container\">\n\t\t\t<div class=\"elementor-jet-carousel jet-elements\"><div class=\"jet-carousel-wrap\">\n\t<div class=\"jet-carousel\" data-slider_options=\"{&quot;autoplaySpeed&quot;:5000,&quot;autoplay&quot;:true,&quot;infinite&quot;:true,&quot;centerMode&quot;:false,&quot;centerPadding&quot;:&quot;50px&quot;,&quot;pauseOnHover&quot;:false,&quot;speed&quot;:500,&quot;arrows&quot;:true,&quot;dots&quot;:false,&quot;variableWidth&quot;:false,&quot;prevArrow&quot;:&quot;.jet-carousel__prev-arrow-0d9380e&quot;,&quot;nextArrow&quot;:&quot;.jet-carousel__next-arrow-0d9380e&quot;,&quot;rtl&quot;:false,&quot;fractionNav&quot;:false}\" dir=\"ltr\">\n\t<div class=\"elementor-slick-slider\">\n\n<div class=\"jet-carousel__item\">\n\t<div class=\"jet-carousel__item-inner\"><img src=\"https:\/\/www.hotel-barnetche.fr\/wp-content\/uploads\/2021\/06\/hb_ch_simple-768x576.jpg\" class=\"jet-carousel__item-img\" alt=\"L&#039;H\u00f4tel Barnetche - Chambre Double \u00e9conomique\" loading=\"lazy\"><div class=\"jet-carousel__content\"><h4 class=\"jet-carousel__item-title\">Stanza singola<\/h4><div class=\"jet-carousel__item-text\">da 90 a 175 \u20ac<\/div><\/div><\/div>\n<\/div>\n\n<div class=\"jet-carousel__item\">\n\t<div class=\"jet-carousel__item-inner\"><img src=\"https:\/\/www.hotel-barnetche.fr\/wp-content\/uploads\/2021\/06\/hb_ch_twin-768x576.jpg\" class=\"jet-carousel__item-img\" alt=\"L&#039;H\u00f4tel Barnetche - Chambre Twin\" loading=\"lazy\"><div class=\"jet-carousel__content\"><h4 class=\"jet-carousel__item-title\">Stanza Twin<\/h4><div class=\"jet-carousel__item-text\">da 110 a 220 \u20ac<\/div><\/div><\/div>\n<\/div>\n\n<div class=\"jet-carousel__item\">\n\t<div class=\"jet-carousel__item-inner\"><img src=\"https:\/\/www.hotel-barnetche.fr\/wp-content\/uploads\/2021\/06\/hb_ch_simple-g-768x576.jpg\" class=\"jet-carousel__item-img\" alt=\"L&#039;H\u00f4tel Barnetche - Chambre Single\" loading=\"lazy\"><div class=\"jet-carousel__content\"><h4 class=\"jet-carousel__item-title\">Stanza Matrimoniale Economica <\/h4><div class=\"jet-carousel__item-text\">da 100 a 185 \u20ac<\/div><\/div><\/div>\n<\/div>\n\n<div class=\"jet-carousel__item\">\n\t<div class=\"jet-carousel__item-inner\"><img src=\"https:\/\/www.hotel-barnetche.fr\/wp-content\/uploads\/2021\/06\/hb_ch_double_g-768x576.jpg\" class=\"jet-carousel__item-img\" alt=\"Chambre Double Confort\" loading=\"lazy\"><div class=\"jet-carousel__content\"><h4 class=\"jet-carousel__item-title\">Stanza Matrimoniale Comfort<\/h4><div class=\"jet-carousel__item-text\">da 110 a 220 \u20ac<\/div><\/div><\/div>\n<\/div>\n\n<div class=\"jet-carousel__item\">\n\t<div class=\"jet-carousel__item-inner\"><img src=\"https:\/\/www.hotel-barnetche.fr\/wp-content\/uploads\/2022\/06\/chambre-triple-768x576.jpg\" class=\"jet-carousel__item-img\" alt=\"Chambre Triple\" loading=\"lazy\"><div class=\"jet-carousel__content\"><h4 class=\"jet-carousel__item-title\">Stanza Tripla<\/h4><div class=\"jet-carousel__item-text\">da 145 a 320 \u20ac<\/div><\/div><\/div>\n<\/div>\n<\/div><div class=\"jet-carousel__prev-arrow-0d9380e jet-arrow prev-arrow\"><svg xmlns=\"http:\/\/www.w3.org\/2000\/svg\" xmlns:xlink=\"http:\/\/www.w3.org\/1999\/xlink\" id=\"Calque_1\" x=\"0px\" y=\"0px\" viewBox=\"0 0 26 16\" style=\"enable-background:new 0 0 26 16;\" xml:space=\"preserve\">\n<style type=\"text\/css\">\n\t.st0{fill:#C8A444;}\n<\/style>\n<path class=\"st0\" d=\"M0.3,7.3c-0.4,0.4-0.4,1,0,1.4l6.4,6.4c0.4,0.4,1,0.4,1.4,0c0.4-0.4,0.4-1,0-1.4L2.4,8l5.7-5.7  c0.4-0.4,0.4-1,0-1.4c-0.4-0.4-1-0.4-1.4,0L0.3,7.3z M1,9h25V7H1V9z\"><\/path>\n<\/svg><\/div><div class=\"jet-carousel__next-arrow-0d9380e jet-arrow next-arrow\"><svg xmlns=\"http:\/\/www.w3.org\/2000\/svg\" xmlns:xlink=\"http:\/\/www.w3.org\/1999\/xlink\" id=\"Calque_1\" x=\"0px\" y=\"0px\" viewBox=\"0 0 26 16\" style=\"enable-background:new 0 0 26 16;\" xml:space=\"preserve\">\n<style type=\"text\/css\">\n\t.st0{fill:#C8A444;}\n<\/style>\n<path class=\"st0\" d=\"M25.7,7.3c0.4,0.4,0.4,1,0,1.4l-6.4,6.4c-0.4,0.4-1,0.4-1.4,0c-0.4-0.4-0.4-1,0-1.4L23.6,8l-5.7-5.7  c-0.4-0.4-0.4-1,0-1.4c0.4-0.4,1-0.4,1.4,0L25.7,7.3z M25,9H0V7h25V9z\"><\/path>\n<\/svg><\/div><\/div>\n<\/div>\n<\/div>\t\t<\/div>\n\t\t\t\t<\/div>\n\t\t\t\t\t<\/div>\n\t\t<\/div>\n\t\t\t\t\t\t\t<\/div>\n\t\t<\/section>\n\t\t\t\t<section class=\"elementor-section elementor-top-section elementor-element elementor-element-ea8416a elementor-section-boxed elementor-section-height-default elementor-section-height-default\" data-id=\"ea8416a\" data-element_type=\"section\" data-settings=\"{&quot;jet_parallax_layout_list&quot;:[{&quot;jet_parallax_layout_image&quot;:{&quot;url&quot;:&quot;&quot;,&quot;id&quot;:&quot;&quot;,&quot;size&quot;:&quot;&quot;},&quot;_id&quot;:&quot;1811f35&quot;,&quot;jet_parallax_layout_image_tablet&quot;:{&quot;url&quot;:&quot;&quot;,&quot;id&quot;:&quot;&quot;,&quot;size&quot;:&quot;&quot;},&quot;jet_parallax_layout_image_mobile&quot;:{&quot;url&quot;:&quot;&quot;,&quot;id&quot;:&quot;&quot;,&quot;size&quot;:&quot;&quot;},&quot;jet_parallax_layout_speed&quot;:{&quot;unit&quot;:&quot;%&quot;,&quot;size&quot;:50,&quot;sizes&quot;:[]},&quot;jet_parallax_layout_type&quot;:&quot;scroll&quot;,&quot;jet_parallax_layout_direction&quot;:null,&quot;jet_parallax_layout_fx_direction&quot;:null,&quot;jet_parallax_layout_z_index&quot;:&quot;&quot;,&quot;jet_parallax_layout_bg_x&quot;:50,&quot;jet_parallax_layout_bg_x_tablet&quot;:&quot;&quot;,&quot;jet_parallax_layout_bg_x_mobile&quot;:&quot;&quot;,&quot;jet_parallax_layout_bg_y&quot;:50,&quot;jet_parallax_layout_bg_y_tablet&quot;:&quot;&quot;,&quot;jet_parallax_layout_bg_y_mobile&quot;:&quot;&quot;,&quot;jet_parallax_layout_bg_size&quot;:&quot;auto&quot;,&quot;jet_parallax_layout_bg_size_tablet&quot;:&quot;&quot;,&quot;jet_parallax_layout_bg_size_mobile&quot;:&quot;&quot;,&quot;jet_parallax_layout_animation_prop&quot;:&quot;transform&quot;,&quot;jet_parallax_layout_on&quot;:[&quot;desktop&quot;,&quot;tablet&quot;]}]}\">\n\t\t\t\t\t\t<div class=\"elementor-container elementor-column-gap-default\">\n\t\t\t\t\t<div class=\"elementor-column elementor-col-100 elementor-top-column elementor-element elementor-element-cff91d2\" data-id=\"cff91d2\" data-element_type=\"column\">\n\t\t\t<div class=\"elementor-widget-wrap elementor-element-populated\">\n\t\t\t\t\t\t\t\t<div class=\"elementor-element elementor-element-3a19fbd elementor-widget elementor-widget-heading\" data-id=\"3a19fbd\" data-element_type=\"widget\" data-widget_type=\"heading.default\">\n\t\t\t\t<div class=\"elementor-widget-container\">\n\t\t\t<h2 class=\"elementor-heading-title elementor-size-default\">La Prima colazione<\/h2>\t\t<\/div>\n\t\t\t\t<\/div>\n\t\t\t\t\t<\/div>\n\t\t<\/div>\n\t\t\t\t\t\t\t<\/div>\n\t\t<\/section>\n\t\t\t\t<section class=\"elementor-section elementor-top-section elementor-element elementor-element-506bf41 elementor-section-boxed elementor-section-height-default elementor-section-height-default\" data-id=\"506bf41\" data-element_type=\"section\" data-settings=\"{&quot;jet_parallax_layout_list&quot;:[{&quot;jet_parallax_layout_image&quot;:{&quot;url&quot;:&quot;&quot;,&quot;id&quot;:&quot;&quot;,&quot;size&quot;:&quot;&quot;},&quot;_id&quot;:&quot;88a2ae2&quot;,&quot;jet_parallax_layout_image_tablet&quot;:{&quot;url&quot;:&quot;&quot;,&quot;id&quot;:&quot;&quot;,&quot;size&quot;:&quot;&quot;},&quot;jet_parallax_layout_image_mobile&quot;:{&quot;url&quot;:&quot;&quot;,&quot;id&quot;:&quot;&quot;,&quot;size&quot;:&quot;&quot;},&quot;jet_parallax_layout_speed&quot;:{&quot;unit&quot;:&quot;%&quot;,&quot;size&quot;:50,&quot;sizes&quot;:[]},&quot;jet_parallax_layout_type&quot;:&quot;scroll&quot;,&quot;jet_parallax_layout_direction&quot;:null,&quot;jet_parallax_layout_fx_direction&quot;:null,&quot;jet_parallax_layout_z_index&quot;:&quot;&quot;,&quot;jet_parallax_layout_bg_x&quot;:50,&quot;jet_parallax_layout_bg_x_tablet&quot;:&quot;&quot;,&quot;jet_parallax_layout_bg_x_mobile&quot;:&quot;&quot;,&quot;jet_parallax_layout_bg_y&quot;:50,&quot;jet_parallax_layout_bg_y_tablet&quot;:&quot;&quot;,&quot;jet_parallax_layout_bg_y_mobile&quot;:&quot;&quot;,&quot;jet_parallax_layout_bg_size&quot;:&quot;auto&quot;,&quot;jet_parallax_layout_bg_size_tablet&quot;:&quot;&quot;,&quot;jet_parallax_layout_bg_size_mobile&quot;:&quot;&quot;,&quot;jet_parallax_layout_animation_prop&quot;:&quot;transform&quot;,&quot;jet_parallax_layout_on&quot;:[&quot;desktop&quot;,&quot;tablet&quot;]}]}\">\n\t\t\t\t\t\t<div class=\"elementor-container elementor-column-gap-default\">\n\t\t\t\t\t<div class=\"elementor-column elementor-col-50 elementor-top-column elementor-element elementor-element-f59d29c\" data-id=\"f59d29c\" data-element_type=\"column\">\n\t\t\t<div class=\"elementor-widget-wrap elementor-element-populated\">\n\t\t\t\t\t\t\t\t<div class=\"elementor-element elementor-element-011aa6c elementor-widget elementor-widget-text-editor\" data-id=\"011aa6c\" data-element_type=\"widget\" data-widget_type=\"text-editor.default\">\n\t\t\t\t<div class=\"elementor-widget-container\">\n\t\t\t\t\t\t\t<h5><strong>Servito in terrazza dalle ore 8.00 alle ore 10.00 <\/strong><\/h5>\n<p>\u00e8 composto da :<\/p>\n<ul>\n<li> spremuta d&#8217;arancia<\/li>\n<li>una bevanda calda (t\u00e8, caff\u00e8, cioccolata)<\/li>\n<li>pane, burro, marmellate &#038; amp; pasticcini<\/li>\n<li>di cereali, frutta, yogurt &#038; amp; formaggio<\/li>\n<\/ul>\n\t\t\t\t\t\t<\/div>\n\t\t\t\t<\/div>\n\t\t\t\t\t<\/div>\n\t\t<\/div>\n\t\t\t\t<div class=\"elementor-column elementor-col-50 elementor-top-column elementor-element elementor-element-9c923c3\" data-id=\"9c923c3\" data-element_type=\"column\">\n\t\t\t<div class=\"elementor-widget-wrap elementor-element-populated\">\n\t\t\t\t\t\t\t\t<div class=\"elementor-element elementor-element-ae0bba3 elementor-widget elementor-widget-image\" data-id=\"ae0bba3\" data-element_type=\"widget\" data-widget_type=\"image.default\">\n\t\t\t\t<div class=\"elementor-widget-container\">\n\t\t\t\t\t\t\t\t\t\t\t\t\t\t\t<img width=\"768\" height=\"768\" src=\"https:\/\/www.hotel-barnetche.fr\/wp-content\/uploads\/2021\/06\/hotel-barnetche-petit-dejeuner-1-768x768.png\" class=\"attachment-medium_large size-medium_large wp-image-823\" alt=\"H\u00f4tel Barnetche - Terrazza per la colazione\" loading=\"lazy\" srcset=\"https:\/\/www.hotel-barnetche.fr\/wp-content\/uploads\/2021\/06\/hotel-barnetche-petit-dejeuner-1-768x768.png 768w, https:\/\/www.hotel-barnetche.fr\/wp-content\/uploads\/2021\/06\/hotel-barnetche-petit-dejeuner-1-300x300.png 300w, https:\/\/www.hotel-barnetche.fr\/wp-content\/uploads\/2021\/06\/hotel-barnetche-petit-dejeuner-1-150x150.png 150w, https:\/\/www.hotel-barnetche.fr\/wp-content\/uploads\/2021\/06\/hotel-barnetche-petit-dejeuner-1.png 800w\" sizes=\"(max-width: 768px) 100vw, 768px\" \/>\t\t\t\t\t\t\t\t\t\t\t\t\t\t\t<\/div>\n\t\t\t\t<\/div>\n\t\t\t\t\t<\/div>\n\t\t<\/div>\n\t\t\t\t\t\t\t<\/div>\n\t\t<\/section>\n\t\t\t\t\t\t\t<\/div>\n\t\t","protected":false},"excerpt":{"rendered":"<p>Hotel Barnetche ***Calma e Semplicit\u00e0nel cuore di Biarritz Una storia di famiglia da pi\u00f9 di tre generazioni, situata nel centro della citt\u00e0, tranquilla tra il Palais des Festivals e il giardino della biblioteca multimediale. A 5 \u200b\u200bminuti a piedi da Place Clemenceau, Halles e dal Grande Plage, l&#8217;hotel Barnetche ti offre un&#8217;accoglienza calorosa e familiare [&hellip;]<\/p>\n","protected":false},"author":1,"featured_media":0,"parent":0,"menu_order":0,"comment_status":"closed","ping_status":"closed","template":"","meta":{"_seopress_robots_primary_cat":"","_seopress_titles_title":"\u00c0 propos - H\u00f4tel Barnetche Biarritz - Pays Basque - Calme et Simplicit\u00e9 au c\u0153ur de Biarritz","_seopress_titles_desc":"Une histoire de famille depuis plus de trois g\u00e9n\u00e9ration, \u00e0 5 minutes a pieds de la place Clemenceau, des Halles et de la Grande plage.","_seopress_robots_index":""},"acf":[],"_links":{"self":[{"href":"https:\/\/www.hotel-barnetche.fr\/it\/wp-json\/wp\/v2\/pages\/936"}],"collection":[{"href":"https:\/\/www.hotel-barnetche.fr\/it\/wp-json\/wp\/v2\/pages"}],"about":[{"href":"https:\/\/www.hotel-barnetche.fr\/it\/wp-json\/wp\/v2\/types\/page"}],"author":[{"embeddable":true,"href":"https:\/\/www.hotel-barnetche.fr\/it\/wp-json\/wp\/v2\/users\/1"}],"replies":[{"embeddable":true,"href":"https:\/\/www.hotel-barnetche.fr\/it\/wp-json\/wp\/v2\/comments?post=936"}],"version-history":[{"count":7,"href":"https:\/\/www.hotel-barnetche.fr\/it\/wp-json\/wp\/v2\/pages\/936\/revisions"}],"predecessor-version":[{"id":1578,"href":"https:\/\/www.hotel-barnetche.fr\/it\/wp-json\/wp\/v2\/pages\/936\/revisions\/1578"}],"wp:attachment":[{"href":"https:\/\/www.hotel-barnetche.fr\/it\/wp-json\/wp\/v2\/media?parent=936"}],"curies":[{"name":"wp","href":"https:\/\/api.w.org\/{rel}","templated":true}]}}