{"id":848,"date":"2021-06-28T23:59:03","date_gmt":"2021-06-28T21:59:03","guid":{"rendered":"https:\/\/www.hotel-barnetche.fr\/prenotazione\/"},"modified":"2024-07-04T11:49:46","modified_gmt":"2024-07-04T09:49:46","slug":"prenotazione","status":"publish","type":"page","link":"https:\/\/www.hotel-barnetche.fr\/it\/prenotazione\/","title":{"rendered":"Prenotazione"},"content":{"rendered":"\t\t<div data-elementor-type=\"wp-page\" data-elementor-id=\"848\" class=\"elementor elementor-848 elementor-253\">\n\t\t\t\t\t\t\t\t\t<section class=\"elementor-section elementor-top-section elementor-element elementor-element-2cf2ce7 elementor-section-boxed elementor-section-height-default elementor-section-height-default\" data-id=\"2cf2ce7\" data-element_type=\"section\" data-settings=\"{&quot;jet_parallax_layout_list&quot;:[{&quot;jet_parallax_layout_image&quot;:{&quot;url&quot;:&quot;&quot;,&quot;id&quot;:&quot;&quot;,&quot;size&quot;:&quot;&quot;},&quot;_id&quot;:&quot;1f142bd&quot;,&quot;jet_parallax_layout_image_tablet&quot;:{&quot;url&quot;:&quot;&quot;,&quot;id&quot;:&quot;&quot;,&quot;size&quot;:&quot;&quot;},&quot;jet_parallax_layout_image_mobile&quot;:{&quot;url&quot;:&quot;&quot;,&quot;id&quot;:&quot;&quot;,&quot;size&quot;:&quot;&quot;},&quot;jet_parallax_layout_speed&quot;:{&quot;unit&quot;:&quot;%&quot;,&quot;size&quot;:50,&quot;sizes&quot;:[]},&quot;jet_parallax_layout_type&quot;:&quot;scroll&quot;,&quot;jet_parallax_layout_direction&quot;:null,&quot;jet_parallax_layout_fx_direction&quot;:null,&quot;jet_parallax_layout_z_index&quot;:&quot;&quot;,&quot;jet_parallax_layout_bg_x&quot;:50,&quot;jet_parallax_layout_bg_x_tablet&quot;:&quot;&quot;,&quot;jet_parallax_layout_bg_x_mobile&quot;:&quot;&quot;,&quot;jet_parallax_layout_bg_y&quot;:50,&quot;jet_parallax_layout_bg_y_tablet&quot;:&quot;&quot;,&quot;jet_parallax_layout_bg_y_mobile&quot;:&quot;&quot;,&quot;jet_parallax_layout_bg_size&quot;:&quot;auto&quot;,&quot;jet_parallax_layout_bg_size_tablet&quot;:&quot;&quot;,&quot;jet_parallax_layout_bg_size_mobile&quot;:&quot;&quot;,&quot;jet_parallax_layout_animation_prop&quot;:&quot;transform&quot;,&quot;jet_parallax_layout_on&quot;:[&quot;desktop&quot;,&quot;tablet&quot;]}]}\">\n\t\t\t\t\t\t<div class=\"elementor-container elementor-column-gap-default\">\n\t\t\t\t\t<div class=\"elementor-column elementor-col-100 elementor-top-column elementor-element elementor-element-160cdb1\" data-id=\"160cdb1\" data-element_type=\"column\">\n\t\t\t<div class=\"elementor-widget-wrap elementor-element-populated\">\n\t\t\t\t\t\t\t\t<div class=\"elementor-element elementor-element-3994d64 elementor-widget elementor-widget-text-editor\" data-id=\"3994d64\" data-element_type=\"widget\" data-widget_type=\"text-editor.default\">\n\t\t\t\t<div class=\"elementor-widget-container\">\n\t\t\t\t\t\t\t<h3>Prenota il tuo soggiorno a Biarritz in pochi click.<\/h3>\n<p>Seleziona le date di arrivo e partenza, trova la camera che fa per te, inserisci i tuoi dati.<br \/>\n<em>Il tuo soggiorno a Biarritz \u00e8 riservato. <\/em><\/p>\n\t\t\t\t\t\t<\/div>\n\t\t\t\t<\/div>\n\t\t\t\t<div class=\"elementor-element elementor-element-3db1310 elementor-widget elementor-widget-text-editor\" data-id=\"3db1310\" data-element_type=\"widget\" data-widget_type=\"text-editor.default\">\n\t\t\t\t<div class=\"elementor-widget-container\">\n\t\t\t\t\t\t\t<div class=\"yiv1448507793\">\r\n<strong>La colazione \u00e8 gratuita<\/strong> per tutte le prenotazioni effettuate tramite il nostro sito <a href=\"https:\/\/www.hotel-barnetche.fr\/it\/prenotazione\/\">www.hotel-barnetche.fr<\/a><br\/>o per le prenotazioni dirette per telefono.\r\n<\/div>\t\t\t\t\t\t<\/div>\n\t\t\t\t<\/div>\n\t\t\t\t\t<\/div>\n\t\t<\/div>\n\t\t\t\t\t\t\t<\/div>\n\t\t<\/section>\n\t\t\t\t<section class=\"elementor-section elementor-top-section elementor-element elementor-element-10e0c2e elementor-section-full_width elementor-section-height-default elementor-section-height-default\" data-id=\"10e0c2e\" data-element_type=\"section\" data-settings=\"{&quot;background_background&quot;:&quot;classic&quot;,&quot;jet_parallax_layout_list&quot;:[{&quot;jet_parallax_layout_image&quot;:{&quot;url&quot;:&quot;&quot;,&quot;id&quot;:&quot;&quot;,&quot;size&quot;:&quot;&quot;},&quot;_id&quot;:&quot;530a5ba&quot;,&quot;jet_parallax_layout_image_tablet&quot;:{&quot;url&quot;:&quot;&quot;,&quot;id&quot;:&quot;&quot;,&quot;size&quot;:&quot;&quot;},&quot;jet_parallax_layout_image_mobile&quot;:{&quot;url&quot;:&quot;&quot;,&quot;id&quot;:&quot;&quot;,&quot;size&quot;:&quot;&quot;},&quot;jet_parallax_layout_speed&quot;:{&quot;unit&quot;:&quot;%&quot;,&quot;size&quot;:50,&quot;sizes&quot;:[]},&quot;jet_parallax_layout_type&quot;:&quot;scroll&quot;,&quot;jet_parallax_layout_direction&quot;:null,&quot;jet_parallax_layout_fx_direction&quot;:null,&quot;jet_parallax_layout_z_index&quot;:&quot;&quot;,&quot;jet_parallax_layout_bg_x&quot;:50,&quot;jet_parallax_layout_bg_x_tablet&quot;:&quot;&quot;,&quot;jet_parallax_layout_bg_x_mobile&quot;:&quot;&quot;,&quot;jet_parallax_layout_bg_y&quot;:50,&quot;jet_parallax_layout_bg_y_tablet&quot;:&quot;&quot;,&quot;jet_parallax_layout_bg_y_mobile&quot;:&quot;&quot;,&quot;jet_parallax_layout_bg_size&quot;:&quot;auto&quot;,&quot;jet_parallax_layout_bg_size_tablet&quot;:&quot;&quot;,&quot;jet_parallax_layout_bg_size_mobile&quot;:&quot;&quot;,&quot;jet_parallax_layout_animation_prop&quot;:&quot;transform&quot;,&quot;jet_parallax_layout_on&quot;:[&quot;desktop&quot;,&quot;tablet&quot;]}]}\">\n\t\t\t\t\t\t<div class=\"elementor-container elementor-column-gap-default\">\n\t\t\t\t\t<div class=\"elementor-column elementor-col-100 elementor-top-column elementor-element elementor-element-9e84c0f\" data-id=\"9e84c0f\" data-element_type=\"column\">\n\t\t\t<div class=\"elementor-widget-wrap elementor-element-populated\">\n\t\t\t\t\t\t\t\t<div class=\"elementor-element elementor-element-91b7efd elementor-widget elementor-widget-shortcode\" data-id=\"91b7efd\" data-element_type=\"widget\" data-widget_type=\"shortcode.default\">\n\t\t\t\t<div class=\"elementor-widget-container\">\n\t\t\t\t\t<div class=\"elementor-shortcode\"><div class=\"wp_novaresa\">\r\n\t<script src=\"https:\/\/www.novaresa.net\/js\/widget\/widget.js\" type=\"text\/javascript\" defer=\"defer\" ><\/script>\r\n\t<div id=\"widget-novaresa\" data-id=\"267\" data-lang=\"it\" data-color=\"grey\"><\/div>\r\n<\/div>\r\n<\/div>\n\t\t\t\t<\/div>\n\t\t\t\t<\/div>\n\t\t\t\t\t<\/div>\n\t\t<\/div>\n\t\t\t\t\t\t\t<\/div>\n\t\t<\/section>\n\t\t\t\t\t\t\t<\/div>\n\t\t","protected":false},"excerpt":{"rendered":"<p>Prenota il tuo soggiorno a Biarritz in pochi click. Seleziona le date di arrivo e partenza, trova la camera che fa per te, inserisci i tuoi dati. Il tuo soggiorno a Biarritz \u00e8 riservato. La colazione \u00e8 gratuita per tutte le prenotazioni effettuate tramite il nostro sito www.hotel-barnetche.fro per le prenotazioni dirette per telefono.<\/p>\n","protected":false},"author":1,"featured_media":0,"parent":0,"menu_order":0,"comment_status":"closed","ping_status":"closed","template":"","meta":{"_seopress_robots_primary_cat":"","_seopress_titles_title":"R\u00e9servation - H\u00f4tel Barnetche Biarritz - Pays Basque - Calme et Simplicit\u00e9 au c\u0153ur de Biarritz","_seopress_titles_desc":"R\u00e9servez votre s\u00e9jour \u00e0 Biarritz en quelques clics, s\u00e9lectionnez vos dates et trouvez la chambre qui vous convient, rentrez vos informations. Votre s\u00e9jour \u00e0 Biarritz est r\u00e9serv\u00e9.","_seopress_robots_index":""},"acf":[],"_links":{"self":[{"href":"https:\/\/www.hotel-barnetche.fr\/it\/wp-json\/wp\/v2\/pages\/848"}],"collection":[{"href":"https:\/\/www.hotel-barnetche.fr\/it\/wp-json\/wp\/v2\/pages"}],"about":[{"href":"https:\/\/www.hotel-barnetche.fr\/it\/wp-json\/wp\/v2\/types\/page"}],"author":[{"embeddable":true,"href":"https:\/\/www.hotel-barnetche.fr\/it\/wp-json\/wp\/v2\/users\/1"}],"replies":[{"embeddable":true,"href":"https:\/\/www.hotel-barnetche.fr\/it\/wp-json\/wp\/v2\/comments?post=848"}],"version-history":[{"count":5,"href":"https:\/\/www.hotel-barnetche.fr\/it\/wp-json\/wp\/v2\/pages\/848\/revisions"}],"predecessor-version":[{"id":1576,"href":"https:\/\/www.hotel-barnetche.fr\/it\/wp-json\/wp\/v2\/pages\/848\/revisions\/1576"}],"wp:attachment":[{"href":"https:\/\/www.hotel-barnetche.fr\/it\/wp-json\/wp\/v2\/media?parent=848"}],"curies":[{"name":"wp","href":"https:\/\/api.w.org\/{rel}","templated":true}]}}