{"id":1078,"date":"2021-06-07T16:35:07","date_gmt":"2021-06-07T14:35:07","guid":{"rendered":"https:\/\/www.hotel-barnetche.fr\/politique-de-confidentialite\/"},"modified":"2024-07-04T12:05:52","modified_gmt":"2024-07-04T10:05:52","slug":"politique-de-confidentialite","status":"publish","type":"page","link":"https:\/\/www.hotel-barnetche.fr\/it\/politique-de-confidentialite\/","title":{"rendered":"Politica sulla riservatezza"},"content":{"rendered":"\t\t<div data-elementor-type=\"wp-page\" data-elementor-id=\"1078\" class=\"elementor elementor-1078 elementor-3\">\n\t\t\t\t\t\t\t\t\t<section class=\"elementor-section elementor-top-section elementor-element elementor-element-a3a61a elementor-section-boxed elementor-section-height-default elementor-section-height-default\" data-id=\"a3a61a\" data-element_type=\"section\" data-settings=\"{&quot;background_background&quot;:&quot;classic&quot;,&quot;jet_parallax_layout_list&quot;:[{&quot;jet_parallax_layout_image&quot;:{&quot;url&quot;:&quot;&quot;,&quot;id&quot;:&quot;&quot;,&quot;size&quot;:&quot;&quot;},&quot;_id&quot;:&quot;60a3db4&quot;,&quot;jet_parallax_layout_image_tablet&quot;:{&quot;url&quot;:&quot;&quot;,&quot;id&quot;:&quot;&quot;,&quot;size&quot;:&quot;&quot;},&quot;jet_parallax_layout_image_mobile&quot;:{&quot;url&quot;:&quot;&quot;,&quot;id&quot;:&quot;&quot;,&quot;size&quot;:&quot;&quot;},&quot;jet_parallax_layout_speed&quot;:{&quot;unit&quot;:&quot;%&quot;,&quot;size&quot;:50,&quot;sizes&quot;:[]},&quot;jet_parallax_layout_type&quot;:&quot;scroll&quot;,&quot;jet_parallax_layout_direction&quot;:null,&quot;jet_parallax_layout_fx_direction&quot;:null,&quot;jet_parallax_layout_z_index&quot;:&quot;&quot;,&quot;jet_parallax_layout_bg_x&quot;:50,&quot;jet_parallax_layout_bg_x_tablet&quot;:&quot;&quot;,&quot;jet_parallax_layout_bg_x_mobile&quot;:&quot;&quot;,&quot;jet_parallax_layout_bg_y&quot;:50,&quot;jet_parallax_layout_bg_y_tablet&quot;:&quot;&quot;,&quot;jet_parallax_layout_bg_y_mobile&quot;:&quot;&quot;,&quot;jet_parallax_layout_bg_size&quot;:&quot;auto&quot;,&quot;jet_parallax_layout_bg_size_tablet&quot;:&quot;&quot;,&quot;jet_parallax_layout_bg_size_mobile&quot;:&quot;&quot;,&quot;jet_parallax_layout_animation_prop&quot;:&quot;transform&quot;,&quot;jet_parallax_layout_on&quot;:[&quot;desktop&quot;,&quot;tablet&quot;]}]}\">\n\t\t\t\t\t\t<div class=\"elementor-container elementor-column-gap-default\">\n\t\t\t\t\t<div class=\"elementor-column elementor-col-100 elementor-top-column elementor-element elementor-element-5ef984b5\" data-id=\"5ef984b5\" data-element_type=\"column\">\n\t\t\t<div class=\"elementor-widget-wrap elementor-element-populated\">\n\t\t\t\t\t\t\t\t<div class=\"elementor-element elementor-element-519ca457 elementor-widget elementor-widget-text-editor\" data-id=\"519ca457\" data-element_type=\"widget\" data-widget_type=\"text-editor.default\">\n\t\t\t\t<div class=\"elementor-widget-container\">\n\t\t\t\t\t\t\t<h4>Qui sommes-nous\u00a0?<\/h4>\r\n\r\n<p>L\u2019adresse de notre site est\u00a0: https:\/\/www.hotel-barnetche.fr<\/p>\r\n<p><strong>Informations &amp; Contact :<\/strong><br \/>H\u00f4tel Barnetche \u00a0&#8211; Mme GACHEN<br \/>5 av. charles floquet &#8211;\u00a064200 BIARRITZ<br \/>T\u00e9l. 05 59 24 22 25<\/p>\r\n\r\n<h4>Cookies<\/h4>\r\n<p>L\u2019Utilisateur est inform\u00e9 que, lors de ses visites sur le site web, un cookie peut s\u2019installer automatiquement sur son logiciel de navigation. Cette section explique \u00abce que sont les cookies\u00bb et les types de cookies qu\u2019utilise l\u2019H\u00f4tel Barnetche sur son site Internet.<\/p>\r\n<p>Que sont les cookies ?<br \/>Un \u00ab\u00a0cookie\u00a0\u00bb est un fichier de texte envoy\u00e9 par les sites Internet \u00e0 l\u2019ordinateur ou \u00e0 un autre p\u00e9riph\u00e9rique connect\u00e9 \u00e0 Internet d\u2019un visiteur afin d\u2019identifier le navigateur du visiteur ou afin de stocker des informations ou des param\u00e8tres dans le navigateur.<\/p>\r\n<p>Est-ce que l\u2019H\u00f4tel Barnetche utilise des cookies sur ses sites Internet ?<br \/>L\u2019h\u00f4tel Barnetche utilise des cookies sur ses sites Internet afin d\u2019am\u00e9liorer le site Internet et de fournir des services et fonctionnalit\u00e9s \u00e0 ses utilisateurs. Vous pouvez restreindre ou d\u00e9sactiver l\u2019utilisation des cookies via votre navigateur Internet, mais sans cookies, vous pouvez ne pas \u00eatre en mesure d\u2019utiliser toutes les fonctionnalit\u00e9s des sites Internet.<\/p>\r\n<p>Quels types de cookies sont utilis\u00e9s sur les sites Internet de l\u2019H\u00f4tel Barnetche<\/p>\r\n<p><strong>Cookies strictement n\u00e9cessaires<\/strong><br \/>Ces cookies sont indispensables pour mener \u00e0 bien une transaction ou une demande que vous aurez effectu\u00e9e. Les exemples incluent la m\u00e9morisation des informations relatives \u00e0 un formulaire que vous avez rempli lorsque vous vous d\u00e9placez sur le site ou des produits ou services que vous avez choisis sur notre site.<\/p>\r\n<p><strong>Cookies fonctionnels<\/strong><br \/>Ces cookies permettent au site Internet de se souvenir des choix que vous avez faits en vue de vous fournir des fonctionnalit\u00e9s avantageuses. Par exemple, les cookies fonctionnels permettent au site Internet de se souvenir de vos param\u00e8tres sp\u00e9cifiques, comme la s\u00e9lection de votre r\u00e9gion et votre \u00e9tat de connexion permanente en cas de s\u00e9lection, et affiche les pr\u00e9c\u00e9dents biens consult\u00e9s, et d\u2019autres fonctions personnalis\u00e9es.<\/p>\r\n<p><strong>Cookies analytiques<br \/><\/strong>Ces cookies nous permettent de recueillir des donn\u00e9es relatives \u00e0 votre utilisation du site Internet, y compris le contenu sur lequel vous cliquez en naviguant sur le site Internet, afin d\u2019am\u00e9liorer la performance et la conception de celui-ci. Ces cookies peuvent \u00eatre fournis par notre fournisseur d\u2019outil analytique de tierce partie, mais ne sont utilis\u00e9s qu\u2019\u00e0 des fins li\u00e9es \u00e0 nos sites Internet.<\/p>\r\n<p><strong>Cookies de ciblage<br \/><\/strong>Ces cookies m\u00e9morisent des informations concernant votre utilisation du site Internet afin que nous puissions mettre \u00e0 votre disposition des informations promotionnelles et cibl\u00e9es sur notre site Internet.<\/p>\r\n<p>Chaque type de navigateur Internet offre des moyens de limiter et supprimer les cookies. Pour plus d\u2019informations sur la fa\u00e7on de g\u00e9rer les cookies, visitez le lien appropri\u00e9 ci-dessous :<\/p>\r\n<p><a href=\"https:\/\/support.microsoft.com\/fr-fr\/help\/4468242\/microsoft-edge-browsing-data-and-privacy-microsoft-privacy\">Microsoft Edge<\/a>\u00a0&#8211; <a href=\"https:\/\/support.mozilla.org\/fr\/kb\/autoriser-bloquer-cookies-preferences-sites?redirectlocale=fr&amp;redirectslug=Activer+et+d%C3%A9sactiver+les+cookies\">Firefox<\/a>\u00a0&#8211;\u00a0<a href=\"https:\/\/support.google.com\/chrome\/answer\/95647?hl=fr&amp;hlrm=en\">Google Chrome<\/a>\u00a0&#8211; <a href=\"https:\/\/support.apple.com\/fr-fr\/guide\/safari\/sfri11471\/mac\">Safari<\/a><\/p>\r\n<h4>\u00a0<\/h4>\r\n<h4>Donn\u00e9es personnelles collect\u00e9es<\/h4>\r\n\r\n<p>Deux types de donn\u00e9es \u00e0 caract\u00e8re personnel sont collect\u00e9s sur le site<span class=\"Apple-converted-space\">\u00a0 <\/span><a href=\"https:\/\/www.hotel-barnetche.fr\/it\/\">https:\/\/www.hotel-barnetche.fr<\/a><\/p>\r\n<ul>\r\n<li>Donn\u00e9es saisies et envoy\u00e9es via les formulaires<\/li>\r\n<li>Donn\u00e9es collect\u00e9es par l\u2019outil de mesure d\u2019audience Google Analytics<\/li>\r\n<\/ul>\r\n<h4>\u00a0<\/h4>\r\n<h4>Responsable du traitement des donn\u00e9es personnelles<\/h4>\r\n<p>Les donn\u00e9es personnelles sont collect\u00e9es sur le site par l\u2019H\u00f4tel Barnetche, immatricul\u00e9e au RCS de Bayonne et dont le si\u00e8ge social est situ\u00e9 5 av. Charles Floquet, 64200 Biarritz.<span class=\"Apple-converted-space\">\u00a0<\/span><\/p>\r\n<h4>\u00a0<\/h4>\r\n<h4>Finalit\u00e9 de la collecte des donn\u00e9es personnelles<\/h4>\r\n<p>La collecte des donn\u00e9es personnelles \u00e0 travers les diff\u00e9rents formulaires pr\u00e9sents sur le site a pour but de :<\/p>\r\n<ul>\r\n<li>Recontacter les personnes qui ont enregistr\u00e9 une r\u00e9servation sur le site<\/li>\r\n<li>Permettre l\u2019envoi de lettres d\u2019information par nos services<\/li>\r\n<\/ul>\r\n<p>En soumettant le formulaire et en cochant les cases \u00e0 cocher de consentement ad\u00e9quates du formulaire, l\u2019internaute donne express\u00e9ment son accord pour que les donn\u00e9es \u00e0 caract\u00e8re personnel soient trait\u00e9es pour la finalit\u00e9 de la relation commerciale. <span class=\"Apple-converted-space\">\u00a0<\/span><\/p>\r\n<p>La collecte des donn\u00e9es personnelles \u00e0 travers l\u2019outil de suivi d\u2019audience Google Analytics utilis\u00e9 sur le site a pour but de :<\/p>\r\n<ul>\r\n<li>Analyser le comportement des internautes sur le site afin de pouvoir mesurer leur audience et am\u00e9liorer leur performance.<\/li>\r\n<\/ul>\r\n<p>Google Analytics utilise des cookies tiers afin de distinguer les utilisateurs. Les cookies sont des fichiers texte install\u00e9s sur le terminal des internautes. Ils ne contiennent aucune information nominative, uniquement des identifiants cr\u00e9\u00e9s de mani\u00e8re al\u00e9atoire. <span class=\"Apple-converted-space\">\u00a0<\/span><\/p>\r\n<p>En parcourant le site, l\u2019internaute donne express\u00e9ment son accord pour que les donn\u00e9es \u00e0 caract\u00e8re personnel collect\u00e9es par Google Analytics soient trait\u00e9es pour la finalit\u00e9 d\u2019analyse du comportement des internautes en vue de l\u2019am\u00e9lioration de la performance du site.<span class=\"Apple-converted-space\">\u00a0<\/span><\/p>\r\n<p><span class=\"Apple-converted-space\">\u00a0 \u00a0<\/span><\/p>\r\n<h4>Dur\u00e9e de conservations des donn\u00e9es personnelles<\/h4>\r\n<p>Les donn\u00e9es collect\u00e9es via les formulaires sont conserv\u00e9es pendant une dur\u00e9e de 2 ans \u00e0 compter de l\u2019envoi du formulaire. <span class=\"Apple-converted-space\">\u00a0<\/span><\/p>\r\n<p>Les cookies utilis\u00e9s par l\u2019outil de mesure d\u2019audience Google Analytics ont les dur\u00e9es de vie suivantes : <span class=\"Apple-converted-space\">\u00a0<\/span><\/p>\r\n<p>\u2022_ga : 2 ans<\/p>\r\n<p>\u2022_gid : 24 heures<\/p>\r\n<p>\u2022_gat : 1 minute <span class=\"Apple-converted-space\">\u00a0<\/span><\/p>\r\n<p>\u00a0<\/p>\r\n<h4>Confidentialit\u00e9 des donn\u00e9es personnelles<\/h4>\r\n<p>Les donn\u00e9es personnelles vous concernant et collect\u00e9es par le site<span class=\"Apple-converted-space\">\u00a0 <\/span><a href=\"https:\/\/www.hotel-barnetche.fr\/it\/\">https:\/\/www.hotel-barnetche.fr<\/a> sont uniquement destin\u00e9es \u00e0 l\u2019entreprise et seront uniquement exploit\u00e9es dans le cadre de la demande explicit\u00e9e via le formulaire. <span class=\"Apple-converted-space\">\u00a0<\/span><\/p>\r\n<p>En aucun cas, les donn\u00e9es personnelles saisies et envoy\u00e9es sur les formulaires ne seront transmises, lou\u00e9es ou commercialis\u00e9es \u00e0 des tiers.<\/p>\r\n<p><span class=\"Apple-converted-space\">\u00a0\u00a0<\/span><\/p>\r\n<h4>Lieu de stockage de donn\u00e9es personnelles<\/h4>\r\n<p>Les serveurs d\u2019h\u00e9bergement du site sont exclusivement situ\u00e9s en France, au sein de l\u2019Union Europ\u00e9enne. <span class=\"Apple-converted-space\">\u00a0<\/span><\/p>\r\n<p>L\u2019H\u00f4tel Barnetche s\u2019engage \u00e0 proc\u00e9der \u00e0 aucun transfert de donn\u00e9es \u00e0 caract\u00e8re personnel \u00e0 destination d\u2019un Etat non membre de la Communaut\u00e9 europ\u00e9enne.<\/p>\r\n<p><span class=\"Apple-converted-space\">\u00a0<\/span><\/p>\r\n<h4>S\u00e9curit\u00e9 des donn\u00e9es personnelles<\/h4>\r\n<p>Le site est h\u00e9berg\u00e9 sur un serveur OVH. <span class=\"Apple-converted-space\">\u00a0<\/span><\/p>\r\n<p>La totalit\u00e9 des pages est en mode s\u00e9curis\u00e9 de type HTTPS, TLS 1.2 \/ RSA 2048 bits (SHA256withRSA). Il s\u2019agit d\u2019un protocole de s\u00e9curisation permettant de chiffrer le contenu des \u00e9changes entre le navigateur et les serveurs de bases de donn\u00e9es. Cela \u00e9vite que les donn\u00e9es personnelles saisies et envoy\u00e9es via les formulaires soient facilement lues par des tiers lors de leur transit. <span class=\"Apple-converted-space\">\u00a0<\/span><\/p>\r\n<p>Cependant, aucune transmission ou stockage de donn\u00e9es personnelles n\u2019est jamais totalement s\u00e9curis\u00e9e. En cons\u00e9quence, nous ne pouvons pas garantir la s\u00e9curit\u00e9 infaillible de l\u2019information transmise ou stock\u00e9e sur les serveurs d\u2019h\u00e9bergement.<\/p>\r\n<p><span class=\"Apple-converted-space\">\u00a0 \u00a0<\/span><\/p>\r\n<h4>D\u00e9l\u00e9gu\u00e9 \u00e0 la protection des donn\u00e9es personnelles<\/h4>\r\n<p>Mme. GACHEN, g\u00e9rante de l\u2019H\u00f4tel Barnetche est le D\u00e9l\u00e9gu\u00e9 \u00e0 la Protection des Donn\u00e9es (DPD). Elle est notamment en charge d\u2019assurer la conformit\u00e9 des activit\u00e9s de l\u2019entreprise avec le nouveau cadre l\u00e9gal europ\u00e9en du RGPD et de coop\u00e9rer avec l\u2019autorit\u00e9 de contr\u00f4le. <span class=\"Apple-converted-space\">\u00a0<\/span><\/p>\r\n<p>Vous pouvez la contacter par email sur info@hotel-barnetche.fr ou par courrier \u00e0 :<span class=\"Apple-converted-space\">\u00a0 <\/span>H\u00f4tel Barnetche 5 av. Charles Floquet &#8211; 64200 Biarritz.<\/p>\r\n<p>\u00a0<\/p>\r\n<h4>Droit d&#8217;acc\u00e8s, de rectification ou de suppression des donn\u00e9es personnelles<span class=\"Apple-converted-space\">\u00a0<\/span><\/h4>\r\n<p>Conform\u00e9ment \u00e0 la loi Informatique et Libert\u00e9s du 6 janvier 1978 modifi\u00e9e, et le R\u00e8glement Europ\u00e9en G\u00e9n\u00e9ral sur la Protection des Donn\u00e9es 2016\/679 (RGPD), vous disposez des droits d\u2019acc\u00e8s, de rectification et de suppression des donn\u00e9es personnelles vous concernant que vous pouvez exercer en envoyant un e-mail sur info@hotel-barnetche.fr ou en envoyant un courrier \u00e0 H\u00f4tel Barnetche &#8211; 5 av. Charles Floquet &#8211; 64200 Biarritz<\/p>\r\n\t\t\t\t\t\t<\/div>\n\t\t\t\t<\/div>\n\t\t\t\t\t<\/div>\n\t\t<\/div>\n\t\t\t\t\t\t\t<\/div>\n\t\t<\/section>\n\t\t\t\t\t\t\t<\/div>\n\t\t","protected":false},"excerpt":{"rendered":"<p>Qui sommes-nous\u00a0? L\u2019adresse de notre site est\u00a0: https:\/\/www.hotel-barnetche.fr Informations &amp; Contact :H\u00f4tel Barnetche \u00a0&#8211; Mme GACHEN5 av. charles floquet &#8211;\u00a064200 BIARRITZT\u00e9l. 05 59 24 22 25 Cookies L\u2019Utilisateur est inform\u00e9 que, lors de ses visites sur le site web, un cookie peut s\u2019installer automatiquement sur son logiciel de navigation. Cette section explique \u00abce que sont [&hellip;]<\/p>\n","protected":false},"author":1,"featured_media":0,"parent":0,"menu_order":0,"comment_status":"closed","ping_status":"open","template":"elementor_theme","meta":{"_seopress_robots_primary_cat":"","_seopress_titles_title":"","_seopress_titles_desc":"","_seopress_robots_index":"yes"},"acf":[],"_links":{"self":[{"href":"https:\/\/www.hotel-barnetche.fr\/it\/wp-json\/wp\/v2\/pages\/1078"}],"collection":[{"href":"https:\/\/www.hotel-barnetche.fr\/it\/wp-json\/wp\/v2\/pages"}],"about":[{"href":"https:\/\/www.hotel-barnetche.fr\/it\/wp-json\/wp\/v2\/types\/page"}],"author":[{"embeddable":true,"href":"https:\/\/www.hotel-barnetche.fr\/it\/wp-json\/wp\/v2\/users\/1"}],"replies":[{"embeddable":true,"href":"https:\/\/www.hotel-barnetche.fr\/it\/wp-json\/wp\/v2\/comments?post=1078"}],"version-history":[{"count":3,"href":"https:\/\/www.hotel-barnetche.fr\/it\/wp-json\/wp\/v2\/pages\/1078\/revisions"}],"predecessor-version":[{"id":1594,"href":"https:\/\/www.hotel-barnetche.fr\/it\/wp-json\/wp\/v2\/pages\/1078\/revisions\/1594"}],"wp:attachment":[{"href":"https:\/\/www.hotel-barnetche.fr\/it\/wp-json\/wp\/v2\/media?parent=1078"}],"curies":[{"name":"wp","href":"https:\/\/api.w.org\/{rel}","templated":true}]}}