{"id":854,"date":"2021-06-29T00:21:57","date_gmt":"2021-06-28T22:21:57","guid":{"rendered":"https:\/\/www.hotel-barnetche.fr\/about\/"},"modified":"2024-07-04T11:58:36","modified_gmt":"2024-07-04T09:58:36","slug":"about","status":"publish","type":"page","link":"https:\/\/www.hotel-barnetche.fr\/en\/about\/","title":{"rendered":"About"},"content":{"rendered":"\t\t<div data-elementor-type=\"wp-page\" data-elementor-id=\"854\" class=\"elementor elementor-854 elementor-10\">\n\t\t\t\t\t\t\t\t\t<section class=\"elementor-section elementor-top-section elementor-element elementor-element-c527113 elementor-section-boxed elementor-section-height-default elementor-section-height-default\" data-id=\"c527113\" data-element_type=\"section\" data-settings=\"{&quot;jet_parallax_layout_list&quot;:[{&quot;jet_parallax_layout_image&quot;:{&quot;url&quot;:&quot;&quot;,&quot;id&quot;:&quot;&quot;,&quot;size&quot;:&quot;&quot;},&quot;_id&quot;:&quot;9baf147&quot;,&quot;jet_parallax_layout_image_tablet&quot;:{&quot;url&quot;:&quot;&quot;,&quot;id&quot;:&quot;&quot;,&quot;size&quot;:&quot;&quot;},&quot;jet_parallax_layout_image_mobile&quot;:{&quot;url&quot;:&quot;&quot;,&quot;id&quot;:&quot;&quot;,&quot;size&quot;:&quot;&quot;},&quot;jet_parallax_layout_speed&quot;:{&quot;unit&quot;:&quot;%&quot;,&quot;size&quot;:50,&quot;sizes&quot;:[]},&quot;jet_parallax_layout_type&quot;:&quot;scroll&quot;,&quot;jet_parallax_layout_direction&quot;:null,&quot;jet_parallax_layout_fx_direction&quot;:null,&quot;jet_parallax_layout_z_index&quot;:&quot;&quot;,&quot;jet_parallax_layout_bg_x&quot;:50,&quot;jet_parallax_layout_bg_x_tablet&quot;:&quot;&quot;,&quot;jet_parallax_layout_bg_x_mobile&quot;:&quot;&quot;,&quot;jet_parallax_layout_bg_y&quot;:50,&quot;jet_parallax_layout_bg_y_tablet&quot;:&quot;&quot;,&quot;jet_parallax_layout_bg_y_mobile&quot;:&quot;&quot;,&quot;jet_parallax_layout_bg_size&quot;:&quot;auto&quot;,&quot;jet_parallax_layout_bg_size_tablet&quot;:&quot;&quot;,&quot;jet_parallax_layout_bg_size_mobile&quot;:&quot;&quot;,&quot;jet_parallax_layout_animation_prop&quot;:&quot;transform&quot;,&quot;jet_parallax_layout_on&quot;:[&quot;desktop&quot;,&quot;tablet&quot;]}]}\">\n\t\t\t\t\t\t<div class=\"elementor-container elementor-column-gap-default\">\n\t\t\t\t\t<div class=\"elementor-column elementor-col-50 elementor-top-column elementor-element elementor-element-1d0ec82\" data-id=\"1d0ec82\" data-element_type=\"column\">\n\t\t\t<div class=\"elementor-widget-wrap elementor-element-populated\">\n\t\t\t\t\t\t\t\t<div class=\"elementor-element elementor-element-50c5250 elementor-widget elementor-widget-image\" data-id=\"50c5250\" data-element_type=\"widget\" data-widget_type=\"image.default\">\n\t\t\t\t<div class=\"elementor-widget-container\">\n\t\t\t\t\t\t\t\t\t\t\t\t\t\t\t<img width=\"800\" height=\"800\" src=\"https:\/\/www.hotel-barnetche.fr\/wp-content\/uploads\/2021\/06\/hotel-barnetche-entree-details.png\" class=\"attachment-large size-large wp-image-801\" alt=\"Hotel Barnetche - entry details\" loading=\"lazy\" srcset=\"https:\/\/www.hotel-barnetche.fr\/wp-content\/uploads\/2021\/06\/hotel-barnetche-entree-details.png 800w, https:\/\/www.hotel-barnetche.fr\/wp-content\/uploads\/2021\/06\/hotel-barnetche-entree-details-300x300.png 300w, https:\/\/www.hotel-barnetche.fr\/wp-content\/uploads\/2021\/06\/hotel-barnetche-entree-details-150x150.png 150w, https:\/\/www.hotel-barnetche.fr\/wp-content\/uploads\/2021\/06\/hotel-barnetche-entree-details-768x768.png 768w\" sizes=\"(max-width: 800px) 100vw, 800px\" \/>\t\t\t\t\t\t\t\t\t\t\t\t\t\t\t<\/div>\n\t\t\t\t<\/div>\n\t\t\t\t\t<\/div>\n\t\t<\/div>\n\t\t\t\t<div class=\"elementor-column elementor-col-50 elementor-top-column elementor-element elementor-element-7c4a34e\" data-id=\"7c4a34e\" data-element_type=\"column\">\n\t\t\t<div class=\"elementor-widget-wrap elementor-element-populated\">\n\t\t\t\t\t\t\t\t<div class=\"elementor-element elementor-element-e4f6bdf elementor-widget elementor-widget-heading\" data-id=\"e4f6bdf\" data-element_type=\"widget\" data-widget_type=\"heading.default\">\n\t\t\t\t<div class=\"elementor-widget-container\">\n\t\t\t<h2 class=\"elementor-heading-title elementor-size-default\">Hotel Barnetche <sup> *** <\/sup> <br\/> Calm and Simplicity <br\/> in the heart of Biarritz<\/h2>\t\t<\/div>\n\t\t\t\t<\/div>\n\t\t\t\t<div class=\"elementor-element elementor-element-666c2cf elementor-widget elementor-widget-text-editor\" data-id=\"666c2cf\" data-element_type=\"widget\" data-widget_type=\"text-editor.default\">\n\t\t\t\t<div class=\"elementor-widget-container\">\n\t\t\t\t\t\t\t<p>A family story lasting for more than three generations, located in the city center, but in a quiet neighbourhood between the Palais des Festivals and the garden of the media library.<\/p>\n<p>5 minutes walk from Place Clemenceau, Les Halles, and the Grande Plage, the Hotel Barnetche offers you a warm and familial welcome in a setting with character.<\/p>\n<p>If you need advice, do not hesitate and ask H\u00e9l\u00e8na who will guide you during your stay. <\/p>\n\t\t\t\t\t\t<\/div>\n\t\t\t\t<\/div>\n\t\t\t\t\t<\/div>\n\t\t<\/div>\n\t\t\t\t\t\t\t<\/div>\n\t\t<\/section>\n\t\t\t\t<section class=\"elementor-section elementor-top-section elementor-element elementor-element-f36dc88 elementor-section-boxed elementor-section-height-default elementor-section-height-default\" data-id=\"f36dc88\" data-element_type=\"section\" data-settings=\"{&quot;jet_parallax_layout_list&quot;:[{&quot;jet_parallax_layout_image&quot;:{&quot;url&quot;:&quot;&quot;,&quot;id&quot;:&quot;&quot;,&quot;size&quot;:&quot;&quot;},&quot;_id&quot;:&quot;651458e&quot;,&quot;jet_parallax_layout_image_tablet&quot;:{&quot;url&quot;:&quot;&quot;,&quot;id&quot;:&quot;&quot;,&quot;size&quot;:&quot;&quot;},&quot;jet_parallax_layout_image_mobile&quot;:{&quot;url&quot;:&quot;&quot;,&quot;id&quot;:&quot;&quot;,&quot;size&quot;:&quot;&quot;},&quot;jet_parallax_layout_speed&quot;:{&quot;unit&quot;:&quot;%&quot;,&quot;size&quot;:50,&quot;sizes&quot;:[]},&quot;jet_parallax_layout_type&quot;:&quot;scroll&quot;,&quot;jet_parallax_layout_direction&quot;:null,&quot;jet_parallax_layout_fx_direction&quot;:null,&quot;jet_parallax_layout_z_index&quot;:&quot;&quot;,&quot;jet_parallax_layout_bg_x&quot;:50,&quot;jet_parallax_layout_bg_x_tablet&quot;:&quot;&quot;,&quot;jet_parallax_layout_bg_x_mobile&quot;:&quot;&quot;,&quot;jet_parallax_layout_bg_y&quot;:50,&quot;jet_parallax_layout_bg_y_tablet&quot;:&quot;&quot;,&quot;jet_parallax_layout_bg_y_mobile&quot;:&quot;&quot;,&quot;jet_parallax_layout_bg_size&quot;:&quot;auto&quot;,&quot;jet_parallax_layout_bg_size_tablet&quot;:&quot;&quot;,&quot;jet_parallax_layout_bg_size_mobile&quot;:&quot;&quot;,&quot;jet_parallax_layout_animation_prop&quot;:&quot;transform&quot;,&quot;jet_parallax_layout_on&quot;:[&quot;desktop&quot;,&quot;tablet&quot;]}]}\">\n\t\t\t\t\t\t<div class=\"elementor-container elementor-column-gap-default\">\n\t\t\t\t\t<div class=\"elementor-column elementor-col-100 elementor-top-column elementor-element elementor-element-14c2555\" data-id=\"14c2555\" data-element_type=\"column\">\n\t\t\t<div class=\"elementor-widget-wrap elementor-element-populated\">\n\t\t\t\t\t\t\t\t<div class=\"elementor-element elementor-element-c19ab4f elementor-widget elementor-widget-heading\" data-id=\"c19ab4f\" data-element_type=\"widget\" data-widget_type=\"heading.default\">\n\t\t\t\t<div class=\"elementor-widget-container\">\n\t\t\t<h2 class=\"elementor-heading-title elementor-size-default\">The Rooms<\/h2>\t\t<\/div>\n\t\t\t\t<\/div>\n\t\t\t\t\t<\/div>\n\t\t<\/div>\n\t\t\t\t\t\t\t<\/div>\n\t\t<\/section>\n\t\t\t\t<section class=\"elementor-section elementor-top-section elementor-element elementor-element-5c6e556 elementor-section-boxed elementor-section-height-default elementor-section-height-default\" data-id=\"5c6e556\" data-element_type=\"section\" data-settings=\"{&quot;jet_parallax_layout_list&quot;:[{&quot;jet_parallax_layout_image&quot;:{&quot;url&quot;:&quot;&quot;,&quot;id&quot;:&quot;&quot;,&quot;size&quot;:&quot;&quot;},&quot;_id&quot;:&quot;940357c&quot;,&quot;jet_parallax_layout_image_tablet&quot;:{&quot;url&quot;:&quot;&quot;,&quot;id&quot;:&quot;&quot;,&quot;size&quot;:&quot;&quot;},&quot;jet_parallax_layout_image_mobile&quot;:{&quot;url&quot;:&quot;&quot;,&quot;id&quot;:&quot;&quot;,&quot;size&quot;:&quot;&quot;},&quot;jet_parallax_layout_speed&quot;:{&quot;unit&quot;:&quot;%&quot;,&quot;size&quot;:50,&quot;sizes&quot;:[]},&quot;jet_parallax_layout_type&quot;:&quot;scroll&quot;,&quot;jet_parallax_layout_direction&quot;:null,&quot;jet_parallax_layout_fx_direction&quot;:null,&quot;jet_parallax_layout_z_index&quot;:&quot;&quot;,&quot;jet_parallax_layout_bg_x&quot;:50,&quot;jet_parallax_layout_bg_x_tablet&quot;:&quot;&quot;,&quot;jet_parallax_layout_bg_x_mobile&quot;:&quot;&quot;,&quot;jet_parallax_layout_bg_y&quot;:50,&quot;jet_parallax_layout_bg_y_tablet&quot;:&quot;&quot;,&quot;jet_parallax_layout_bg_y_mobile&quot;:&quot;&quot;,&quot;jet_parallax_layout_bg_size&quot;:&quot;auto&quot;,&quot;jet_parallax_layout_bg_size_tablet&quot;:&quot;&quot;,&quot;jet_parallax_layout_bg_size_mobile&quot;:&quot;&quot;,&quot;jet_parallax_layout_animation_prop&quot;:&quot;transform&quot;,&quot;jet_parallax_layout_on&quot;:[&quot;desktop&quot;,&quot;tablet&quot;]}]}\">\n\t\t\t\t\t\t<div class=\"elementor-container elementor-column-gap-default\">\n\t\t\t\t\t<div class=\"elementor-column elementor-col-100 elementor-top-column elementor-element elementor-element-ee88d05\" data-id=\"ee88d05\" data-element_type=\"column\">\n\t\t\t<div class=\"elementor-widget-wrap elementor-element-populated\">\n\t\t\t\t\t\t\t\t<div class=\"elementor-element elementor-element-0d9380e elementor-widget elementor-widget-jet-carousel\" data-id=\"0d9380e\" data-element_type=\"widget\" data-settings=\"{&quot;slides_to_show&quot;:&quot;3&quot;,&quot;slides_to_scroll&quot;:&quot;1&quot;}\" data-widget_type=\"jet-carousel.default\">\n\t\t\t\t<div class=\"elementor-widget-container\">\n\t\t\t<div class=\"elementor-jet-carousel jet-elements\"><div class=\"jet-carousel-wrap\">\n\t<div class=\"jet-carousel\" data-slider_options=\"{&quot;autoplaySpeed&quot;:5000,&quot;autoplay&quot;:true,&quot;infinite&quot;:true,&quot;centerMode&quot;:false,&quot;centerPadding&quot;:&quot;50px&quot;,&quot;pauseOnHover&quot;:false,&quot;speed&quot;:500,&quot;arrows&quot;:true,&quot;dots&quot;:false,&quot;variableWidth&quot;:false,&quot;prevArrow&quot;:&quot;.jet-carousel__prev-arrow-0d9380e&quot;,&quot;nextArrow&quot;:&quot;.jet-carousel__next-arrow-0d9380e&quot;,&quot;rtl&quot;:false,&quot;fractionNav&quot;:false}\" dir=\"ltr\">\n\t<div class=\"elementor-slick-slider\">\n\n<div class=\"jet-carousel__item\">\n\t<div class=\"jet-carousel__item-inner\"><img src=\"https:\/\/www.hotel-barnetche.fr\/wp-content\/uploads\/2021\/06\/hb_ch_simple-768x576.jpg\" class=\"jet-carousel__item-img\" alt=\"L&#039;H\u00f4tel Barnetche - Chambre Double \u00e9conomique\" loading=\"lazy\"><div class=\"jet-carousel__content\"><h4 class=\"jet-carousel__item-title\">Single Room<\/h4><div class=\"jet-carousel__item-text\">from 90 to 175 \u20ac<\/div><\/div><\/div>\n<\/div>\n\n<div class=\"jet-carousel__item\">\n\t<div class=\"jet-carousel__item-inner\"><img src=\"https:\/\/www.hotel-barnetche.fr\/wp-content\/uploads\/2021\/06\/hb_ch_twin-768x576.jpg\" class=\"jet-carousel__item-img\" alt=\"L&#039;H\u00f4tel Barnetche - Chambre Twin\" loading=\"lazy\"><div class=\"jet-carousel__content\"><h4 class=\"jet-carousel__item-title\">Twin Room<\/h4><div class=\"jet-carousel__item-text\">from 110 to 220 \u20ac<\/div><\/div><\/div>\n<\/div>\n\n<div class=\"jet-carousel__item\">\n\t<div class=\"jet-carousel__item-inner\"><img src=\"https:\/\/www.hotel-barnetche.fr\/wp-content\/uploads\/2021\/06\/hb_ch_simple-g-768x576.jpg\" class=\"jet-carousel__item-img\" alt=\"L&#039;H\u00f4tel Barnetche - Chambre Single\" loading=\"lazy\"><div class=\"jet-carousel__content\"><h4 class=\"jet-carousel__item-title\">Double Room Economic<\/h4><div class=\"jet-carousel__item-text\">from 100 to 185 \u20ac<\/div><\/div><\/div>\n<\/div>\n\n<div class=\"jet-carousel__item\">\n\t<div class=\"jet-carousel__item-inner\"><img src=\"https:\/\/www.hotel-barnetche.fr\/wp-content\/uploads\/2021\/06\/hb_ch_double_g-768x576.jpg\" class=\"jet-carousel__item-img\" alt=\"Chambre Double Confort\" loading=\"lazy\"><div class=\"jet-carousel__content\"><h4 class=\"jet-carousel__item-title\">Double Room Comfort<\/h4><div class=\"jet-carousel__item-text\">from 110 to 220 \u20ac<\/div><\/div><\/div>\n<\/div>\n\n<div class=\"jet-carousel__item\">\n\t<div class=\"jet-carousel__item-inner\"><img src=\"https:\/\/www.hotel-barnetche.fr\/wp-content\/uploads\/2022\/06\/chambre-triple-768x576.jpg\" class=\"jet-carousel__item-img\" alt=\"Chambre Triple\" loading=\"lazy\"><div class=\"jet-carousel__content\"><h4 class=\"jet-carousel__item-title\">Triple Room Comfort<\/h4><div class=\"jet-carousel__item-text\">from 145 to 320 \u20ac<\/div><\/div><\/div>\n<\/div>\n<\/div><div class=\"jet-carousel__prev-arrow-0d9380e jet-arrow prev-arrow\"><svg xmlns=\"http:\/\/www.w3.org\/2000\/svg\" xmlns:xlink=\"http:\/\/www.w3.org\/1999\/xlink\" id=\"Calque_1\" x=\"0px\" y=\"0px\" viewBox=\"0 0 26 16\" style=\"enable-background:new 0 0 26 16;\" xml:space=\"preserve\">\n<style type=\"text\/css\">\n\t.st0{fill:#C8A444;}\n<\/style>\n<path class=\"st0\" d=\"M0.3,7.3c-0.4,0.4-0.4,1,0,1.4l6.4,6.4c0.4,0.4,1,0.4,1.4,0c0.4-0.4,0.4-1,0-1.4L2.4,8l5.7-5.7  c0.4-0.4,0.4-1,0-1.4c-0.4-0.4-1-0.4-1.4,0L0.3,7.3z M1,9h25V7H1V9z\"><\/path>\n<\/svg><\/div><div class=\"jet-carousel__next-arrow-0d9380e jet-arrow next-arrow\"><svg xmlns=\"http:\/\/www.w3.org\/2000\/svg\" xmlns:xlink=\"http:\/\/www.w3.org\/1999\/xlink\" id=\"Calque_1\" x=\"0px\" y=\"0px\" viewBox=\"0 0 26 16\" style=\"enable-background:new 0 0 26 16;\" xml:space=\"preserve\">\n<style type=\"text\/css\">\n\t.st0{fill:#C8A444;}\n<\/style>\n<path class=\"st0\" d=\"M25.7,7.3c0.4,0.4,0.4,1,0,1.4l-6.4,6.4c-0.4,0.4-1,0.4-1.4,0c-0.4-0.4-0.4-1,0-1.4L23.6,8l-5.7-5.7  c-0.4-0.4-0.4-1,0-1.4c0.4-0.4,1-0.4,1.4,0L25.7,7.3z M25,9H0V7h25V9z\"><\/path>\n<\/svg><\/div><\/div>\n<\/div>\n<\/div>\t\t<\/div>\n\t\t\t\t<\/div>\n\t\t\t\t\t<\/div>\n\t\t<\/div>\n\t\t\t\t\t\t\t<\/div>\n\t\t<\/section>\n\t\t\t\t<section class=\"elementor-section elementor-top-section elementor-element elementor-element-ea8416a elementor-section-boxed elementor-section-height-default elementor-section-height-default\" data-id=\"ea8416a\" data-element_type=\"section\" data-settings=\"{&quot;jet_parallax_layout_list&quot;:[{&quot;jet_parallax_layout_image&quot;:{&quot;url&quot;:&quot;&quot;,&quot;id&quot;:&quot;&quot;,&quot;size&quot;:&quot;&quot;},&quot;_id&quot;:&quot;1811f35&quot;,&quot;jet_parallax_layout_image_tablet&quot;:{&quot;url&quot;:&quot;&quot;,&quot;id&quot;:&quot;&quot;,&quot;size&quot;:&quot;&quot;},&quot;jet_parallax_layout_image_mobile&quot;:{&quot;url&quot;:&quot;&quot;,&quot;id&quot;:&quot;&quot;,&quot;size&quot;:&quot;&quot;},&quot;jet_parallax_layout_speed&quot;:{&quot;unit&quot;:&quot;%&quot;,&quot;size&quot;:50,&quot;sizes&quot;:[]},&quot;jet_parallax_layout_type&quot;:&quot;scroll&quot;,&quot;jet_parallax_layout_direction&quot;:null,&quot;jet_parallax_layout_fx_direction&quot;:null,&quot;jet_parallax_layout_z_index&quot;:&quot;&quot;,&quot;jet_parallax_layout_bg_x&quot;:50,&quot;jet_parallax_layout_bg_x_tablet&quot;:&quot;&quot;,&quot;jet_parallax_layout_bg_x_mobile&quot;:&quot;&quot;,&quot;jet_parallax_layout_bg_y&quot;:50,&quot;jet_parallax_layout_bg_y_tablet&quot;:&quot;&quot;,&quot;jet_parallax_layout_bg_y_mobile&quot;:&quot;&quot;,&quot;jet_parallax_layout_bg_size&quot;:&quot;auto&quot;,&quot;jet_parallax_layout_bg_size_tablet&quot;:&quot;&quot;,&quot;jet_parallax_layout_bg_size_mobile&quot;:&quot;&quot;,&quot;jet_parallax_layout_animation_prop&quot;:&quot;transform&quot;,&quot;jet_parallax_layout_on&quot;:[&quot;desktop&quot;,&quot;tablet&quot;]}]}\">\n\t\t\t\t\t\t<div class=\"elementor-container elementor-column-gap-default\">\n\t\t\t\t\t<div class=\"elementor-column elementor-col-100 elementor-top-column elementor-element elementor-element-cff91d2\" data-id=\"cff91d2\" data-element_type=\"column\">\n\t\t\t<div class=\"elementor-widget-wrap elementor-element-populated\">\n\t\t\t\t\t\t\t\t<div class=\"elementor-element elementor-element-3a19fbd elementor-widget elementor-widget-heading\" data-id=\"3a19fbd\" data-element_type=\"widget\" data-widget_type=\"heading.default\">\n\t\t\t\t<div class=\"elementor-widget-container\">\n\t\t\t<h2 class=\"elementor-heading-title elementor-size-default\">The Breakfast<\/h2>\t\t<\/div>\n\t\t\t\t<\/div>\n\t\t\t\t\t<\/div>\n\t\t<\/div>\n\t\t\t\t\t\t\t<\/div>\n\t\t<\/section>\n\t\t\t\t<section class=\"elementor-section elementor-top-section elementor-element elementor-element-506bf41 elementor-section-boxed elementor-section-height-default elementor-section-height-default\" data-id=\"506bf41\" data-element_type=\"section\" data-settings=\"{&quot;jet_parallax_layout_list&quot;:[{&quot;jet_parallax_layout_image&quot;:{&quot;url&quot;:&quot;&quot;,&quot;id&quot;:&quot;&quot;,&quot;size&quot;:&quot;&quot;},&quot;_id&quot;:&quot;88a2ae2&quot;,&quot;jet_parallax_layout_image_tablet&quot;:{&quot;url&quot;:&quot;&quot;,&quot;id&quot;:&quot;&quot;,&quot;size&quot;:&quot;&quot;},&quot;jet_parallax_layout_image_mobile&quot;:{&quot;url&quot;:&quot;&quot;,&quot;id&quot;:&quot;&quot;,&quot;size&quot;:&quot;&quot;},&quot;jet_parallax_layout_speed&quot;:{&quot;unit&quot;:&quot;%&quot;,&quot;size&quot;:50,&quot;sizes&quot;:[]},&quot;jet_parallax_layout_type&quot;:&quot;scroll&quot;,&quot;jet_parallax_layout_direction&quot;:null,&quot;jet_parallax_layout_fx_direction&quot;:null,&quot;jet_parallax_layout_z_index&quot;:&quot;&quot;,&quot;jet_parallax_layout_bg_x&quot;:50,&quot;jet_parallax_layout_bg_x_tablet&quot;:&quot;&quot;,&quot;jet_parallax_layout_bg_x_mobile&quot;:&quot;&quot;,&quot;jet_parallax_layout_bg_y&quot;:50,&quot;jet_parallax_layout_bg_y_tablet&quot;:&quot;&quot;,&quot;jet_parallax_layout_bg_y_mobile&quot;:&quot;&quot;,&quot;jet_parallax_layout_bg_size&quot;:&quot;auto&quot;,&quot;jet_parallax_layout_bg_size_tablet&quot;:&quot;&quot;,&quot;jet_parallax_layout_bg_size_mobile&quot;:&quot;&quot;,&quot;jet_parallax_layout_animation_prop&quot;:&quot;transform&quot;,&quot;jet_parallax_layout_on&quot;:[&quot;desktop&quot;,&quot;tablet&quot;]}]}\">\n\t\t\t\t\t\t<div class=\"elementor-container elementor-column-gap-default\">\n\t\t\t\t\t<div class=\"elementor-column elementor-col-50 elementor-top-column elementor-element elementor-element-f59d29c\" data-id=\"f59d29c\" data-element_type=\"column\">\n\t\t\t<div class=\"elementor-widget-wrap elementor-element-populated\">\n\t\t\t\t\t\t\t\t<div class=\"elementor-element elementor-element-011aa6c elementor-widget elementor-widget-text-editor\" data-id=\"011aa6c\" data-element_type=\"widget\" data-widget_type=\"text-editor.default\">\n\t\t\t\t<div class=\"elementor-widget-container\">\n\t\t\t\t\t\t\t<h5><strong>Served on the terrace from 8 am to 10 am <\/strong> <\/h5>\n<p> it is composed of:<\/p>\n<ul>\n<li>squeezed orange juice <\/li>\n<li>a hot drink (Tea, Coffee, Chocolate)<\/li>\n<li>bread, butter, jams &#038; amp; pastries <\/li>\n<li>cereals, fruits, yogurts &#038; amp; cheese<\/li>\n<\/ul>\n\t\t\t\t\t\t<\/div>\n\t\t\t\t<\/div>\n\t\t\t\t\t<\/div>\n\t\t<\/div>\n\t\t\t\t<div class=\"elementor-column elementor-col-50 elementor-top-column elementor-element elementor-element-9c923c3\" data-id=\"9c923c3\" data-element_type=\"column\">\n\t\t\t<div class=\"elementor-widget-wrap elementor-element-populated\">\n\t\t\t\t\t\t\t\t<div class=\"elementor-element elementor-element-ae0bba3 elementor-widget elementor-widget-image\" data-id=\"ae0bba3\" data-element_type=\"widget\" data-widget_type=\"image.default\">\n\t\t\t\t<div class=\"elementor-widget-container\">\n\t\t\t\t\t\t\t\t\t\t\t\t\t\t\t<img width=\"768\" height=\"768\" src=\"https:\/\/www.hotel-barnetche.fr\/wp-content\/uploads\/2021\/06\/hotel-barnetche-petit-dejeuner-1-768x768.png\" class=\"attachment-medium_large size-medium_large wp-image-822\" alt=\"Hotel Barnetche - Terrasse &amp; breakfast\" loading=\"lazy\" srcset=\"https:\/\/www.hotel-barnetche.fr\/wp-content\/uploads\/2021\/06\/hotel-barnetche-petit-dejeuner-1-768x768.png 768w, https:\/\/www.hotel-barnetche.fr\/wp-content\/uploads\/2021\/06\/hotel-barnetche-petit-dejeuner-1-300x300.png 300w, https:\/\/www.hotel-barnetche.fr\/wp-content\/uploads\/2021\/06\/hotel-barnetche-petit-dejeuner-1-150x150.png 150w, https:\/\/www.hotel-barnetche.fr\/wp-content\/uploads\/2021\/06\/hotel-barnetche-petit-dejeuner-1.png 800w\" sizes=\"(max-width: 768px) 100vw, 768px\" \/>\t\t\t\t\t\t\t\t\t\t\t\t\t\t\t<\/div>\n\t\t\t\t<\/div>\n\t\t\t\t\t<\/div>\n\t\t<\/div>\n\t\t\t\t\t\t\t<\/div>\n\t\t<\/section>\n\t\t\t\t\t\t\t<\/div>\n\t\t","protected":false},"excerpt":{"rendered":"<p>Hotel Barnetche *** Calm and Simplicity in the heart of Biarritz A family story lasting for more than three generations, located in the city center, but in a quiet neighbourhood between the Palais des Festivals and the garden of the media library. 5 minutes walk from Place Clemenceau, Les Halles, and the Grande Plage, the [&hellip;]<\/p>\n","protected":false},"author":1,"featured_media":0,"parent":0,"menu_order":0,"comment_status":"closed","ping_status":"closed","template":"","meta":{"_seopress_robots_primary_cat":"","_seopress_titles_title":"\u00c0 propos - H\u00f4tel Barnetche Biarritz - Pays Basque - Calme et Simplicit\u00e9 au c\u0153ur de Biarritz","_seopress_titles_desc":"Une histoire de famille depuis plus de trois g\u00e9n\u00e9ration, \u00e0 5 minutes a pieds de la place Clemenceau, des Halles et de la Grande plage.","_seopress_robots_index":""},"acf":[],"_links":{"self":[{"href":"https:\/\/www.hotel-barnetche.fr\/en\/wp-json\/wp\/v2\/pages\/854"}],"collection":[{"href":"https:\/\/www.hotel-barnetche.fr\/en\/wp-json\/wp\/v2\/pages"}],"about":[{"href":"https:\/\/www.hotel-barnetche.fr\/en\/wp-json\/wp\/v2\/types\/page"}],"author":[{"embeddable":true,"href":"https:\/\/www.hotel-barnetche.fr\/en\/wp-json\/wp\/v2\/users\/1"}],"replies":[{"embeddable":true,"href":"https:\/\/www.hotel-barnetche.fr\/en\/wp-json\/wp\/v2\/comments?post=854"}],"version-history":[{"count":14,"href":"https:\/\/www.hotel-barnetche.fr\/en\/wp-json\/wp\/v2\/pages\/854\/revisions"}],"predecessor-version":[{"id":1580,"href":"https:\/\/www.hotel-barnetche.fr\/en\/wp-json\/wp\/v2\/pages\/854\/revisions\/1580"}],"wp:attachment":[{"href":"https:\/\/www.hotel-barnetche.fr\/en\/wp-json\/wp\/v2\/media?parent=854"}],"curies":[{"name":"wp","href":"https:\/\/api.w.org\/{rel}","templated":true}]}}