{"id":1070,"date":"2021-06-16T18:10:04","date_gmt":"2021-06-16T16:10:04","guid":{"rendered":"https:\/\/www.hotel-barnetche.fr\/mentions-legales\/"},"modified":"2024-07-04T12:01:04","modified_gmt":"2024-07-04T10:01:04","slug":"mentions-legales","status":"publish","type":"page","link":"https:\/\/www.hotel-barnetche.fr\/en\/mentions-legales\/","title":{"rendered":"Legal Notice"},"content":{"rendered":"\t\t<div data-elementor-type=\"wp-page\" data-elementor-id=\"1070\" class=\"elementor elementor-1070 elementor-564\">\n\t\t\t\t\t\t\t\t\t<section class=\"elementor-section elementor-top-section elementor-element elementor-element-5ef27ec elementor-section-boxed elementor-section-height-default elementor-section-height-default\" data-id=\"5ef27ec\" data-element_type=\"section\" data-settings=\"{&quot;jet_parallax_layout_list&quot;:[{&quot;jet_parallax_layout_image&quot;:{&quot;url&quot;:&quot;&quot;,&quot;id&quot;:&quot;&quot;,&quot;size&quot;:&quot;&quot;},&quot;_id&quot;:&quot;bd2de16&quot;,&quot;jet_parallax_layout_image_tablet&quot;:{&quot;url&quot;:&quot;&quot;,&quot;id&quot;:&quot;&quot;,&quot;size&quot;:&quot;&quot;},&quot;jet_parallax_layout_image_mobile&quot;:{&quot;url&quot;:&quot;&quot;,&quot;id&quot;:&quot;&quot;,&quot;size&quot;:&quot;&quot;},&quot;jet_parallax_layout_speed&quot;:{&quot;unit&quot;:&quot;%&quot;,&quot;size&quot;:50,&quot;sizes&quot;:[]},&quot;jet_parallax_layout_type&quot;:&quot;scroll&quot;,&quot;jet_parallax_layout_direction&quot;:null,&quot;jet_parallax_layout_fx_direction&quot;:null,&quot;jet_parallax_layout_z_index&quot;:&quot;&quot;,&quot;jet_parallax_layout_bg_x&quot;:50,&quot;jet_parallax_layout_bg_x_tablet&quot;:&quot;&quot;,&quot;jet_parallax_layout_bg_x_mobile&quot;:&quot;&quot;,&quot;jet_parallax_layout_bg_y&quot;:50,&quot;jet_parallax_layout_bg_y_tablet&quot;:&quot;&quot;,&quot;jet_parallax_layout_bg_y_mobile&quot;:&quot;&quot;,&quot;jet_parallax_layout_bg_size&quot;:&quot;auto&quot;,&quot;jet_parallax_layout_bg_size_tablet&quot;:&quot;&quot;,&quot;jet_parallax_layout_bg_size_mobile&quot;:&quot;&quot;,&quot;jet_parallax_layout_animation_prop&quot;:&quot;transform&quot;,&quot;jet_parallax_layout_on&quot;:[&quot;desktop&quot;,&quot;tablet&quot;]}]}\">\n\t\t\t\t\t\t<div class=\"elementor-container elementor-column-gap-default\">\n\t\t\t\t\t<div class=\"elementor-column elementor-col-50 elementor-top-column elementor-element elementor-element-7abdd0e\" data-id=\"7abdd0e\" data-element_type=\"column\">\n\t\t\t<div class=\"elementor-widget-wrap elementor-element-populated\">\n\t\t\t\t\t\t\t\t<div class=\"elementor-element elementor-element-de25c72 elementor-widget elementor-widget-text-editor\" data-id=\"de25c72\" data-element_type=\"widget\" data-widget_type=\"text-editor.default\">\n\t\t\t\t<div class=\"elementor-widget-container\">\n\t\t\t\t\t\t\t<div class=\"mention-legales-content\">\n<h4>Editeur du Site<\/h4>\n<p>Le pr\u00e9sent site Internet <a href=\"https:\/\/www.hotel-barnetche.fr\/en\/\">https:\/\/www.hotel-barnetche.fr<\/a> est \u00e9dit\u00e9 et exploit\u00e9 par l&#8217;H\u00f4tel Barnetche, entreprise individuelle, immatricul\u00e9e au R.C.S de Bayonne sous le num\u00e9ro 820 211 225 00017\u00a0&#8211; 5 av. Charles Floquet \u00a0\u2013 64100 Bayonne.<br \/>Vous pouvez nous joindre par t\u00e9l\u00e9phone au 05 59 24 22 25 ou par courrier \u00e9lectronique \u00e0 l\u2019adresse <a href=\"mailto:info@hotel-barnetche.fr\">info@hotel-barnetche.fr<\/a><\/p>\n<p>La directrice de la publication est Mme H\u00e9l\u00e8na GACHEN<\/p>\n<\/div>\n<div class=\"mention-legales-content\">\n<h4>H\u00e9bergeur<\/h4>\n<p>Ce site est h\u00e9berg\u00e9 par la soci\u00e9t\u00e9\u00a0OVH\u00a0\u2013 140 Quai du Sartel 59100 Roubaix<\/p>\n<\/div>\n<div class=\"mention-legales-content\">\n<h4>Conception et r\u00e9alisation<\/h4>\n<p>Merci Achille \u2013 Anglet<\/p>\n<\/div>\n<div class=\"mention-legales-content\">\n<h4>Accessibilit\u00e9<\/h4>\n<p>L&#8217;H\u00f4tel Barnetche fera ses meilleurs efforts pour rendre le site accessible 24 heures sur 24 et 7 jours sur 7, mais ne saurait en aucun cas engager sa responsabilit\u00e9 pour des raisons d\u2019inaccessibilit\u00e9 au site web.<\/p>\n<\/div>\n<div class=\"mention-legales-content\">\n<h4>Propri\u00e9t\u00e9 Intellectuelle<\/h4>\n<p>Les marques, logos, slogans, graphismes, photographies et textes contenus sur le site sont la propri\u00e9t\u00e9 intellectuelle exclusive de l&#8217;H\u00f4tel Barnetche et ne peuvent \u00eatre reproduits, utilis\u00e9s ou repr\u00e9sent\u00e9s sans l\u2019autorisation expresse de ces derniers sous peine de poursuites judiciaires.<br \/>Toute repr\u00e9sentation ou reproduction, totale ou partielle, du site et de son contenu, par quel que proc\u00e9d\u00e9 que ce soit, sans l\u2019autorisation pr\u00e9alable expresse de l&#8217;H\u00f4tel Barnetche est interdite et constituera une contrefa\u00e7on sanctionn\u00e9e par les articles L.335-2 et suivants et les articles L.713-1 et suivants du Code de la Propri\u00e9t\u00e9 intellectuelle.<\/p>\n<p>L&#8217;H\u00f4tel Barnetche invite les utilisateurs du site web \u00e0 faire part d\u2019\u00e9ventuelles omissions, erreurs, ou corrections, en adressant un e-mail au webmaster du site web \u00e0 l\u2019adresse suivante : <a href=\"mailto:info@hotel-barnetche.fr\">info@hotel-barnetche.fr<\/a>.<\/p>\n<\/div>\n\t\t\t\t\t\t<\/div>\n\t\t\t\t<\/div>\n\t\t\t\t\t<\/div>\n\t\t<\/div>\n\t\t\t\t<div class=\"elementor-column elementor-col-50 elementor-top-column elementor-element elementor-element-f690a1a\" data-id=\"f690a1a\" data-element_type=\"column\" data-settings=\"{&quot;background_background&quot;:&quot;classic&quot;}\">\n\t\t\t<div class=\"elementor-widget-wrap elementor-element-populated\">\n\t\t\t\t\t\t\t\t<div class=\"elementor-element elementor-element-187519b elementor-widget elementor-widget-text-editor\" data-id=\"187519b\" data-element_type=\"widget\" data-widget_type=\"text-editor.default\">\n\t\t\t\t<div class=\"elementor-widget-container\">\n\t\t\t\t\t\t\t<h4 class=\"mention-legales-content\">Plateforme de R\u00e9servation<\/h4>\n<div class=\"mention-legales-content\">\n<p>Notre site internet utilise la plateforme de r\u00e9servation NOVARESA.<br \/>Technopole H\u00e9lioparc, 2 avenue du Pr\u00e9sident Pierre Angot &#8211;\u00a064053 Pau cedex 9<\/p>\n<h4>Les Tarifs<\/h4>\n<p>Les prix des chambres s&#8217;entendent taxe de s\u00e9jour NON comprise.<br \/><span class=\"Apple-converted-space\">Les prix indiqu\u00e9s sur le site peuvent \u00eatre modifi\u00e9s \u00e0 tout moment et sont donn\u00e9s \u00e0 titre indicatifs.<br \/>Les tarifs peuvent aussi varier en fonction des supports de vente.\u00a0<\/span><\/p>\n<h4>Arrhes<\/h4>\n<p>Nous vous rappelons que selon un usage constant en h\u00f4tellerie, toute r\u00e9servation s\u2019accompagne d\u2019un versement d\u2019arrhes<span class=\"Apple-converted-space\">\u00a0<\/span><\/p>\n<h4>Annulation<\/h4>\n<p>Ces arrhes sont remboursables seulement en cas d&#8217;annulation survenant 14 jours avant la date du d\u00e9but du s\u00e9jour.<\/p>\n<h4>R\u00e9glement<\/h4>\n<p>\u00c0 votre arriv\u00e9e le montant total du s\u00e9jour sera demand\u00e9 sans remboursement possible.<\/p>\n<h4>Heure d\u2019arriv\u00e9e<\/h4>\n<p>Toute r\u00e9servation est maintenue jusqu&#8217;\u00e0 18 heures, veuillez nous pr\u00e9venir en cas d&#8217;arriv\u00e9e plus tardive. <span class=\"Apple-converted-space\">\u00a0<\/span><\/p>\n<\/div>\n<div class=\"mention-legales-content\">\n<h4>Droit applicable<br \/>et attribution de juridiction<\/h4>\n<p>Tout litige en relation avec l\u2019utilisation du site\u00a0www.hotel-barnetche.fr\u00a0est soumis au droit fran\u00e7ais. Il est fait attribution exclusive de juridiction aux tribunaux comp\u00e9tents de Bayonne.<\/p>\n<\/div>\n\t\t\t\t\t\t<\/div>\n\t\t\t\t<\/div>\n\t\t\t\t\t<\/div>\n\t\t<\/div>\n\t\t\t\t\t\t\t<\/div>\n\t\t<\/section>\n\t\t\t\t<section class=\"elementor-section elementor-top-section elementor-element elementor-element-4b83388 elementor-section-boxed elementor-section-height-default elementor-section-height-default\" data-id=\"4b83388\" data-element_type=\"section\" data-settings=\"{&quot;jet_parallax_layout_list&quot;:[{&quot;jet_parallax_layout_image&quot;:{&quot;url&quot;:&quot;&quot;,&quot;id&quot;:&quot;&quot;,&quot;size&quot;:&quot;&quot;},&quot;_id&quot;:&quot;c1978e4&quot;,&quot;jet_parallax_layout_image_tablet&quot;:{&quot;url&quot;:&quot;&quot;,&quot;id&quot;:&quot;&quot;,&quot;size&quot;:&quot;&quot;},&quot;jet_parallax_layout_image_mobile&quot;:{&quot;url&quot;:&quot;&quot;,&quot;id&quot;:&quot;&quot;,&quot;size&quot;:&quot;&quot;},&quot;jet_parallax_layout_speed&quot;:{&quot;unit&quot;:&quot;%&quot;,&quot;size&quot;:50,&quot;sizes&quot;:[]},&quot;jet_parallax_layout_type&quot;:&quot;scroll&quot;,&quot;jet_parallax_layout_direction&quot;:null,&quot;jet_parallax_layout_fx_direction&quot;:null,&quot;jet_parallax_layout_z_index&quot;:&quot;&quot;,&quot;jet_parallax_layout_bg_x&quot;:50,&quot;jet_parallax_layout_bg_x_tablet&quot;:&quot;&quot;,&quot;jet_parallax_layout_bg_x_mobile&quot;:&quot;&quot;,&quot;jet_parallax_layout_bg_y&quot;:50,&quot;jet_parallax_layout_bg_y_tablet&quot;:&quot;&quot;,&quot;jet_parallax_layout_bg_y_mobile&quot;:&quot;&quot;,&quot;jet_parallax_layout_bg_size&quot;:&quot;auto&quot;,&quot;jet_parallax_layout_bg_size_tablet&quot;:&quot;&quot;,&quot;jet_parallax_layout_bg_size_mobile&quot;:&quot;&quot;,&quot;jet_parallax_layout_animation_prop&quot;:&quot;transform&quot;,&quot;jet_parallax_layout_on&quot;:[&quot;desktop&quot;,&quot;tablet&quot;]}]}\">\n\t\t\t\t\t\t<div class=\"elementor-container elementor-column-gap-default\">\n\t\t\t\t\t<div class=\"elementor-column elementor-col-100 elementor-top-column elementor-element elementor-element-0863f84\" data-id=\"0863f84\" data-element_type=\"column\">\n\t\t\t<div class=\"elementor-widget-wrap\">\n\t\t\t\t\t\t\t\t\t<\/div>\n\t\t<\/div>\n\t\t\t\t\t\t\t<\/div>\n\t\t<\/section>\n\t\t\t\t\t\t\t<\/div>\n\t\t","protected":false},"excerpt":{"rendered":"<p>Editeur du Site Le pr\u00e9sent site Internet https:\/\/www.hotel-barnetche.fr est \u00e9dit\u00e9 et exploit\u00e9 par l&#8217;H\u00f4tel Barnetche, entreprise individuelle, immatricul\u00e9e au R.C.S de Bayonne sous le num\u00e9ro 820 211 225 00017\u00a0&#8211; 5 av. Charles Floquet \u00a0\u2013 64100 Bayonne.Vous pouvez nous joindre par t\u00e9l\u00e9phone au 05 59 24 22 25 ou par courrier \u00e9lectronique \u00e0 l\u2019adresse info@hotel-barnetche.fr La [&hellip;]<\/p>\n","protected":false},"author":1,"featured_media":0,"parent":0,"menu_order":0,"comment_status":"closed","ping_status":"closed","template":"","meta":{"_seopress_robots_primary_cat":"","_seopress_titles_title":"","_seopress_titles_desc":"","_seopress_robots_index":"yes"},"acf":[],"_links":{"self":[{"href":"https:\/\/www.hotel-barnetche.fr\/en\/wp-json\/wp\/v2\/pages\/1070"}],"collection":[{"href":"https:\/\/www.hotel-barnetche.fr\/en\/wp-json\/wp\/v2\/pages"}],"about":[{"href":"https:\/\/www.hotel-barnetche.fr\/en\/wp-json\/wp\/v2\/types\/page"}],"author":[{"embeddable":true,"href":"https:\/\/www.hotel-barnetche.fr\/en\/wp-json\/wp\/v2\/users\/1"}],"replies":[{"embeddable":true,"href":"https:\/\/www.hotel-barnetche.fr\/en\/wp-json\/wp\/v2\/comments?post=1070"}],"version-history":[{"count":3,"href":"https:\/\/www.hotel-barnetche.fr\/en\/wp-json\/wp\/v2\/pages\/1070\/revisions"}],"predecessor-version":[{"id":1586,"href":"https:\/\/www.hotel-barnetche.fr\/en\/wp-json\/wp\/v2\/pages\/1070\/revisions\/1586"}],"wp:attachment":[{"href":"https:\/\/www.hotel-barnetche.fr\/en\/wp-json\/wp\/v2\/media?parent=1070"}],"curies":[{"name":"wp","href":"https:\/\/api.w.org\/{rel}","templated":true}]}}